{"id":7332,"date":"2023-02-03T21:11:38","date_gmt":"2023-02-03T20:11:38","guid":{"rendered":"https:\/\/www.luckychocolate.de\/de\/?page_id=7332"},"modified":"2023-06-05T20:01:22","modified_gmt":"2023-06-05T19:01:22","slug":"maid-maki","status":"publish","type":"page","link":"https:\/\/www.luckychocolate.de\/de\/maid-maki\/","title":{"rendered":"Maid Maki"},"content":{"rendered":"\n<div class=\"wp-block-button\"><a class=\"wp-block-button__link has-pale-pink-background-color has-background wp-element-button\" href=\"https:\/\/www.instagram.com\/maki_the_maid\/\">MAIDO INSTAGRAM<\/a><\/div>\n\n\n\n<blockquote class=\"wp-block-quote is-style-large is-layout-flow wp-block-quote-is-layout-flow\">\n<p>Am Ende wird alles gut. Und wenn es noch nicht gut ist, ist es noch nicht das Ende. <\/p>\n<\/blockquote>\n\n\n<div class=\"wp-block-image\">\n<figure class=\"alignleft is-resized\"><img loading=\"lazy\" decoding=\"async\" src=\"https:\/\/www.luckychocolate.de\/wp-content\/uploads\/2023\/06\/Polaroid_maki23.jpg\" alt=\"Maid Maki\" class=\"wp-image-4012\" width=\"368\" height=\"512\"\/><\/figure>\n<\/div>\n\n\n<p><br><strong>Maidname:<\/strong> Maki<br><strong>Geburtstag: <\/strong> 30.07<br><strong>Merkmal(e):<\/strong> Totoro &amp; schwarzer Wolf <br><strong>Sprache(n): <\/strong>Deutsch, Englisch, Niederl\u00e4ndisch<br><strong>F\u00e4higkeit(en):<\/strong> Ich tausche mich so gerne mit anderen Menschen \u00fcber ihre Hobbies und Leidenschaften aus. Und wenn diese auch noch meinen sehr \u00e4hnlich sind, dann freue ich mich umso mehr! Ich finde immer freundliche und aufmunternde Worte, kann dabei aber auch ganz sch\u00f6n chaotisch und verpeilt sein. Macht euch auf ein liebensw\u00fcrdiges Chaos gefasst :3<br><br><strong> <strong>Seit wann bist du als Maid dabei?<\/strong> <\/strong> Seit 2023 <\/p>\n","protected":false},"excerpt":{"rendered":"<p>Am Ende wird alles gut. Und wenn es noch nicht gut ist, ist es noch nicht das Ende. Maidname: MakiGeburtstag: 30.07Merkmal(e): Totoro &amp; schwarzer Wolf Sprache(n): Deutsch, Englisch, Niederl\u00e4ndischF\u00e4higkeit(en): Ich tausche mich so gerne mit anderen Menschen \u00fcber ihre Hobbies und Leidenschaften aus. Und wenn diese auch noch meinen sehr &hellip; <\/p>\n","protected":false},"author":4,"featured_media":0,"parent":0,"menu_order":0,"comment_status":"closed","ping_status":"closed","template":"","meta":{"footnotes":""},"class_list":["post-7332","page","type-page","status-publish","hentry"],"_links":{"self":[{"href":"https:\/\/www.luckychocolate.de\/de\/wp-json\/wp\/v2\/pages\/7332","targetHints":{"allow":["GET"]}}],"collection":[{"href":"https:\/\/www.luckychocolate.de\/de\/wp-json\/wp\/v2\/pages"}],"about":[{"href":"https:\/\/www.luckychocolate.de\/de\/wp-json\/wp\/v2\/types\/page"}],"author":[{"embeddable":true,"href":"https:\/\/www.luckychocolate.de\/de\/wp-json\/wp\/v2\/users\/4"}],"replies":[{"embeddable":true,"href":"https:\/\/www.luckychocolate.de\/de\/wp-json\/wp\/v2\/comments?post=7332"}],"version-history":[{"count":4,"href":"https:\/\/www.luckychocolate.de\/de\/wp-json\/wp\/v2\/pages\/7332\/revisions"}],"predecessor-version":[{"id":7835,"href":"https:\/\/www.luckychocolate.de\/de\/wp-json\/wp\/v2\/pages\/7332\/revisions\/7835"}],"wp:attachment":[{"href":"https:\/\/www.luckychocolate.de\/de\/wp-json\/wp\/v2\/media?parent=7332"}],"curies":[{"name":"wp","href":"https:\/\/api.w.org\/{rel}","templated":true}]}}