{"id":7113,"date":"2022-12-23T19:54:00","date_gmt":"2022-12-23T18:54:00","guid":{"rendered":"https:\/\/www.luckychocolate.de\/de\/?page_id=7113"},"modified":"2023-06-11T12:33:06","modified_gmt":"2023-06-11T11:33:06","slug":"maid-mikan","status":"publish","type":"page","link":"https:\/\/www.luckychocolate.de\/de\/maid-mikan\/","title":{"rendered":"Maid Mikan"},"content":{"rendered":"\n<div class=\"wp-block-button\"><a class=\"wp-block-button__link has-pale-pink-background-color has-background wp-element-button\" href=\"https:\/\/www.instagram.com\/maid_mikan\/\">MAIDO INSTAGRAM<\/a><\/div>\n\n\n<p><\/p>\n\n\n<blockquote class=\"wp-block-quote is-style-large is-layout-flow wp-block-quote-is-layout-flow\">\n<p> Backen ist aus Teig geformte liebe (\u2060 \u2060\u25dc\u2060\u203f\u2060\u25dd\u2060 \u2060)\u2060\u2661<\/p>\n<\/blockquote>\n\n\n<div class=\"wp-block-image\">\n<figure class=\"alignleft size-large is-resized\"><img loading=\"lazy\" decoding=\"async\" src=\"https:\/\/www.luckychocolate.de\/wp-content\/uploads\/2023\/06\/Polaroid_Mikan.jpg\" alt=\"Maid Mikan\" class=\"wp-image-4177\" width=\"364\" height=\"512\"\/><\/figure>\n<\/div>\n\n\n<p><br><strong>Maidname:<\/strong> Mikan <br><strong>Geburtstag:<\/strong>  16.06. <br><strong>Merkmal(e):<\/strong> Maus &amp; Konditorin <br><strong>Sprache(n):<\/strong> Deutsch, Englisch, Polnisch <br><strong>F\u00e4higkeit(en):<\/strong> Ich liebe es neue s\u00fc\u00dfe Kreationen zu erschaffen die ich mit den anderen Maids verspeisen kann! (\u2060.\u2060 \u2060\u275b\u2060 \u2060\u1d17\u2060 \u2060\u275b\u2060.\u2060)\nBei mir wird niemand lange hungrig bleiben, macht euch gefasst auf eine gro\u00dfe Portion Moe Moe power mit leckeren Zuckerguss!(\u2060\u4eba\u2060*\u2060\u00b4\u2060\u2200\u2060\uff40\u2060)\u2060\uff61\u2060*\uff9f\u2060+ <br><br><strong>Seit wann bist du als Maid dabei?<\/strong>&nbsp;Seit 2022<\/p>\n\n\n\n<p><br><\/p>\n","protected":false},"excerpt":{"rendered":"<p>Backen ist aus Teig geformte liebe (\u2060 \u2060\u25dc\u2060\u203f\u2060\u25dd\u2060 \u2060)\u2060\u2661 Maidname: Mikan Geburtstag: 16.06. Merkmal(e): Maus &amp; Konditorin Sprache(n): Deutsch, Englisch, Polnisch F\u00e4higkeit(en): Ich liebe es neue s\u00fc\u00dfe Kreationen zu erschaffen die ich mit den anderen Maids verspeisen kann! (\u2060.\u2060 \u2060\u275b\u2060 \u2060\u1d17\u2060 \u2060\u275b\u2060.\u2060) Bei mir wird niemand lange hungrig bleiben, macht &hellip; <\/p>\n","protected":false},"author":4,"featured_media":0,"parent":0,"menu_order":0,"comment_status":"closed","ping_status":"closed","template":"","meta":{"footnotes":""},"class_list":["post-7113","page","type-page","status-publish","hentry"],"_links":{"self":[{"href":"https:\/\/www.luckychocolate.de\/de\/wp-json\/wp\/v2\/pages\/7113","targetHints":{"allow":["GET"]}}],"collection":[{"href":"https:\/\/www.luckychocolate.de\/de\/wp-json\/wp\/v2\/pages"}],"about":[{"href":"https:\/\/www.luckychocolate.de\/de\/wp-json\/wp\/v2\/types\/page"}],"author":[{"embeddable":true,"href":"https:\/\/www.luckychocolate.de\/de\/wp-json\/wp\/v2\/users\/4"}],"replies":[{"embeddable":true,"href":"https:\/\/www.luckychocolate.de\/de\/wp-json\/wp\/v2\/comments?post=7113"}],"version-history":[{"count":8,"href":"https:\/\/www.luckychocolate.de\/de\/wp-json\/wp\/v2\/pages\/7113\/revisions"}],"predecessor-version":[{"id":7871,"href":"https:\/\/www.luckychocolate.de\/de\/wp-json\/wp\/v2\/pages\/7113\/revisions\/7871"}],"wp:attachment":[{"href":"https:\/\/www.luckychocolate.de\/de\/wp-json\/wp\/v2\/media?parent=7113"}],"curies":[{"name":"wp","href":"https:\/\/api.w.org\/{rel}","templated":true}]}}