{"id":7109,"date":"2022-12-23T19:53:25","date_gmt":"2022-12-23T18:53:25","guid":{"rendered":"https:\/\/www.luckychocolate.de\/de\/?page_id=7109"},"modified":"2023-02-07T18:26:09","modified_gmt":"2023-02-07T17:26:09","slug":"maid-karumi","status":"publish","type":"page","link":"https:\/\/www.luckychocolate.de\/de\/maid-karumi\/","title":{"rendered":"Maid Karumi"},"content":{"rendered":"\n<div class=\"wp-block-button\"><a class=\"wp-block-button__link has-pale-pink-background-color has-background wp-element-button\" href=\"https:\/\/www.instagram.com\/maid_karumi\/\">MAIDO INSTAGRAM<\/a><\/div>\n\n\n<p><\/p>\n\n\n<blockquote class=\"wp-block-quote is-style-large is-layout-flow wp-block-quote-is-layout-flow\">\n<p> Das Ger\u00e4usch einer schnurrenden Katze ist wahre Liebe~ (\u30fb\u03c9&lt;) Nya~ Du bist purrrfekt so wie du bist~ Squeak~ \u2570(\u2e1d\u2e1d\u2e1d\u00b4\ua4b3`\u2e1d\u2e1d\u2e1d)\u256f<\/p>\n<\/blockquote>\n\n\n<div class=\"wp-block-image\">\n<figure class=\"alignleft size-large is-resized\"><img loading=\"lazy\" decoding=\"async\" src=\"https:\/\/www.luckychocolate.de\/wp-content\/uploads\/2023\/02\/Polaroid_Karumi.jpg\" alt=\"Maid Karumi\" class=\"wp-image-4170\" width=\"364\" height=\"512\"\/><\/figure>\n<\/div>\n\n\n<p><br><strong>Maidname:<\/strong> Karumi <br><strong>Geburtstag:<\/strong> 08.05.   <br><strong>Merkmal(e):<\/strong> Braune Katze &amp; Kirschen <br><strong>Sprache(n):<\/strong> Deutsch und Englisch <br><strong>F\u00e4higkeit(en):<\/strong>  Ich bin eine sehr kreative Maid! Mithilfe dieser Kreativit\u00e4t kann ich wundervolle Dinge schneidern.  Au\u00dferdem liebe ich es, zu tanzen. Squeaken und Food snacken kann ich auch sehr gut.  \t\u0e05(\u2022\u3145\u2022\u2740)\u0e05 <br><br><strong>Seit wann bist du als Maid dabei?<\/strong>&nbsp;Seit 2022<\/p>\n\n\n\n<p><br><\/p>\n","protected":false},"excerpt":{"rendered":"<p>Das Ger\u00e4usch einer schnurrenden Katze ist wahre Liebe~ (\u30fb\u03c9&lt;) Nya~ Du bist purrrfekt so wie du bist~ Squeak~ \u2570(\u2e1d\u2e1d\u2e1d\u00b4\ua4b3`\u2e1d\u2e1d\u2e1d)\u256f Maidname: Karumi Geburtstag: 08.05. Merkmal(e): Braune Katze &amp; Kirschen Sprache(n): Deutsch und Englisch F\u00e4higkeit(en): Ich bin eine sehr kreative Maid! Mithilfe dieser Kreativit\u00e4t kann ich wundervolle Dinge schneidern. Au\u00dferdem liebe ich &hellip; <\/p>\n","protected":false},"author":4,"featured_media":0,"parent":0,"menu_order":0,"comment_status":"closed","ping_status":"closed","template":"","meta":{"footnotes":""},"class_list":["post-7109","page","type-page","status-publish","hentry"],"_links":{"self":[{"href":"https:\/\/www.luckychocolate.de\/de\/wp-json\/wp\/v2\/pages\/7109","targetHints":{"allow":["GET"]}}],"collection":[{"href":"https:\/\/www.luckychocolate.de\/de\/wp-json\/wp\/v2\/pages"}],"about":[{"href":"https:\/\/www.luckychocolate.de\/de\/wp-json\/wp\/v2\/types\/page"}],"author":[{"embeddable":true,"href":"https:\/\/www.luckychocolate.de\/de\/wp-json\/wp\/v2\/users\/4"}],"replies":[{"embeddable":true,"href":"https:\/\/www.luckychocolate.de\/de\/wp-json\/wp\/v2\/comments?post=7109"}],"version-history":[{"count":9,"href":"https:\/\/www.luckychocolate.de\/de\/wp-json\/wp\/v2\/pages\/7109\/revisions"}],"predecessor-version":[{"id":7408,"href":"https:\/\/www.luckychocolate.de\/de\/wp-json\/wp\/v2\/pages\/7109\/revisions\/7408"}],"wp:attachment":[{"href":"https:\/\/www.luckychocolate.de\/de\/wp-json\/wp\/v2\/media?parent=7109"}],"curies":[{"name":"wp","href":"https:\/\/api.w.org\/{rel}","templated":true}]}}