{"id":5033,"date":"2021-11-16T20:29:43","date_gmt":"2021-11-16T19:29:43","guid":{"rendered":"http:\/\/www.luckychocolate.de\/de\/?page_id=5033"},"modified":"2023-02-18T21:45:08","modified_gmt":"2023-02-18T20:45:08","slug":"maskottchen-kumy","status":"publish","type":"page","link":"https:\/\/www.luckychocolate.de\/de\/maskottchen-kumy\/","title":{"rendered":"Maskottchen Kumy"},"content":{"rendered":"\n<blockquote class=\"wp-block-quote is-style-large is-layout-flow wp-block-quote-is-layout-flow\">\n<p> Moe Moe Kyun \u2665<\/p>\n<\/blockquote>\n\n\n\n<figure class=\"wp-block-gallery alignleft has-nested-images columns-default is-cropped wp-block-gallery-1 is-layout-flex wp-block-gallery-is-layout-flex\">\n<figure class=\"wp-block-image size-large\"><img loading=\"lazy\" decoding=\"async\" width=\"944\" height=\"1024\" data-id=\"5035\" src=\"http:\/\/www.luckychocolate.de\/wp-content\/uploads\/2021\/11\/LCKumy-944x1024.jpg\" alt=\"\" class=\"wp-image-5035\" srcset=\"https:\/\/www.luckychocolate.de\/wp-content\/uploads\/2021\/11\/LCKumy-944x1024.jpg 944w, https:\/\/www.luckychocolate.de\/wp-content\/uploads\/2021\/11\/LCKumy-277x300.jpg 277w, https:\/\/www.luckychocolate.de\/wp-content\/uploads\/2021\/11\/LCKumy-768x833.jpg 768w, https:\/\/www.luckychocolate.de\/wp-content\/uploads\/2021\/11\/LCKumy-1417x1536.jpg 1417w, https:\/\/www.luckychocolate.de\/wp-content\/uploads\/2021\/11\/LCKumy-1889x2048.jpg 1889w, https:\/\/www.luckychocolate.de\/wp-content\/uploads\/2021\/11\/LCKumy-487x527.jpg 487w, https:\/\/www.luckychocolate.de\/wp-content\/uploads\/2021\/11\/LCKumy-250x271.jpg 250w, https:\/\/www.luckychocolate.de\/wp-content\/uploads\/2021\/11\/LCKumy-550x596.jpg 550w, https:\/\/www.luckychocolate.de\/wp-content\/uploads\/2021\/11\/LCKumy-800x867.jpg 800w, https:\/\/www.luckychocolate.de\/wp-content\/uploads\/2021\/11\/LCKumy-166x180.jpg 166w, https:\/\/www.luckychocolate.de\/wp-content\/uploads\/2021\/11\/LCKumy-461x500.jpg 461w, https:\/\/www.luckychocolate.de\/wp-content\/uploads\/2021\/11\/LCKumy.jpg 1900w\" sizes=\"auto, (max-width: 944px) 100vw, 944px\" \/><\/figure>\n<\/figure>\n\n\n\n<p><strong>Name:<\/strong> Kumy<br><strong>Geburtsdatum<\/strong>: 21. Juni <br><strong>Sternzeichen:<\/strong> Zwillinge <br><strong>Hobbys:<\/strong>  In meiner Freizeit mapfe ich besonders gerne Bambusmuffins, die die Lucky Chocki Maids f\u00fcr mich gebacken haben. Wenn ich dann genug Muffins gegessen habe widme ich mich meinem zweitliebsten Hobby, n\u00e4mlich ein Schl\u00e4fchen machen! <br><strong>F\u00e4higkeiten:<\/strong> Besonders viel Bambus essen und mit den Lucky Chocki Maids kuscheln. \u2282(\u00b4\u2022 \u03c9 \u2022`\u2282) <\/p>\n\n\n\n<p> <strong>Wunsch:<\/strong> F\u00fcr immer mit den wundervollen Lucky Chocolate Maids Muffins essen zu k\u00f6nnen!  \t(\u3000\u2019\u03c9\u2019)\u65e6~~ <\/p>\n\n\n\n<p><br><\/p>\n","protected":false},"excerpt":{"rendered":"<p>Moe Moe Kyun \u2665 Name: KumyGeburtsdatum: 21. Juni Sternzeichen: Zwillinge Hobbys: In meiner Freizeit mapfe ich besonders gerne Bambusmuffins, die die Lucky Chocki Maids f\u00fcr mich gebacken haben. Wenn ich dann genug Muffins gegessen habe widme ich mich meinem zweitliebsten Hobby, n\u00e4mlich ein Schl\u00e4fchen machen! F\u00e4higkeiten: Besonders viel Bambus essen &hellip; <\/p>\n","protected":false},"author":4,"featured_media":0,"parent":0,"menu_order":0,"comment_status":"closed","ping_status":"closed","template":"","meta":{"footnotes":""},"class_list":["post-5033","page","type-page","status-publish","hentry"],"_links":{"self":[{"href":"https:\/\/www.luckychocolate.de\/de\/wp-json\/wp\/v2\/pages\/5033","targetHints":{"allow":["GET"]}}],"collection":[{"href":"https:\/\/www.luckychocolate.de\/de\/wp-json\/wp\/v2\/pages"}],"about":[{"href":"https:\/\/www.luckychocolate.de\/de\/wp-json\/wp\/v2\/types\/page"}],"author":[{"embeddable":true,"href":"https:\/\/www.luckychocolate.de\/de\/wp-json\/wp\/v2\/users\/4"}],"replies":[{"embeddable":true,"href":"https:\/\/www.luckychocolate.de\/de\/wp-json\/wp\/v2\/comments?post=5033"}],"version-history":[{"count":5,"href":"https:\/\/www.luckychocolate.de\/de\/wp-json\/wp\/v2\/pages\/5033\/revisions"}],"predecessor-version":[{"id":7607,"href":"https:\/\/www.luckychocolate.de\/de\/wp-json\/wp\/v2\/pages\/5033\/revisions\/7607"}],"wp:attachment":[{"href":"https:\/\/www.luckychocolate.de\/de\/wp-json\/wp\/v2\/media?parent=5033"}],"curies":[{"name":"wp","href":"https:\/\/api.w.org\/{rel}","templated":true}]}}