{"id":5011,"date":"2021-11-16T19:46:42","date_gmt":"2021-11-16T18:46:42","guid":{"rendered":"http:\/\/www.luckychocolate.de\/de\/?page_id=5011"},"modified":"2021-11-16T20:09:52","modified_gmt":"2021-11-16T19:09:52","slug":"maskottchen-vanilla","status":"publish","type":"page","link":"https:\/\/www.luckychocolate.de\/de\/maskottchen-vanilla\/","title":{"rendered":"Maskottchen Vanilla"},"content":{"rendered":"\n<blockquote class=\"wp-block-quote is-style-large is-layout-flow wp-block-quote-is-layout-flow\"><p> Es gibt immer eine zweite Chance!<\/p><cite>Die sanfte Brise des Caf\u00e9s<\/cite><\/blockquote>\n\n\n\n<figure class=\"wp-block-gallery alignleft columns-1 is-cropped wp-block-gallery-1 is-layout-flex wp-block-gallery-is-layout-flex\"><ul class=\"blocks-gallery-grid\"><li class=\"blocks-gallery-item\"><figure><img loading=\"lazy\" decoding=\"async\" width=\"944\" height=\"1024\" src=\"http:\/\/www.luckychocolate.de\/wp-content\/uploads\/2021\/11\/LCVanilla-944x1024.jpg\" alt=\"\" data-id=\"5013\" data-full-url=\"http:\/\/www.luckychocolate.de\/wp-content\/uploads\/2021\/11\/LCVanilla.jpg\" data-link=\"https:\/\/www.luckychocolate.de\/de\/?attachment_id=5013\" class=\"wp-image-5013\" srcset=\"https:\/\/www.luckychocolate.de\/wp-content\/uploads\/2021\/11\/LCVanilla-944x1024.jpg 944w, https:\/\/www.luckychocolate.de\/wp-content\/uploads\/2021\/11\/LCVanilla-277x300.jpg 277w, https:\/\/www.luckychocolate.de\/wp-content\/uploads\/2021\/11\/LCVanilla-768x833.jpg 768w, https:\/\/www.luckychocolate.de\/wp-content\/uploads\/2021\/11\/LCVanilla-1417x1536.jpg 1417w, https:\/\/www.luckychocolate.de\/wp-content\/uploads\/2021\/11\/LCVanilla-1889x2048.jpg 1889w, https:\/\/www.luckychocolate.de\/wp-content\/uploads\/2021\/11\/LCVanilla-487x527.jpg 487w, https:\/\/www.luckychocolate.de\/wp-content\/uploads\/2021\/11\/LCVanilla-250x271.jpg 250w, https:\/\/www.luckychocolate.de\/wp-content\/uploads\/2021\/11\/LCVanilla-550x596.jpg 550w, https:\/\/www.luckychocolate.de\/wp-content\/uploads\/2021\/11\/LCVanilla-800x867.jpg 800w, https:\/\/www.luckychocolate.de\/wp-content\/uploads\/2021\/11\/LCVanilla-166x180.jpg 166w, https:\/\/www.luckychocolate.de\/wp-content\/uploads\/2021\/11\/LCVanilla-461x500.jpg 461w, https:\/\/www.luckychocolate.de\/wp-content\/uploads\/2021\/11\/LCVanilla.jpg 1900w\" sizes=\"auto, (max-width: 944px) 100vw, 944px\" \/><\/figure><\/li><\/ul><\/figure>\n\n\n\n<p><strong>Name:<\/strong> Vanilla<br><strong>Geburtsdatum<\/strong>: 11. M\u00e4rz<br><strong>Sternzeichen: <\/strong>Fische <br><strong>Hobbys: <\/strong>RPGs spielen<br><strong>F\u00e4higkeiten:<\/strong> Kann mit ihrem Blick Diamanten schmelzen. <br><br><strong>Mag:<\/strong> Edelsteine<br><strong>Essen:<\/strong> N\u00fcsse in allen erdenkliche Sorten &amp; Chips.<br><strong>Mag nicht:<\/strong> Krabbelige Insekten<\/p>\n\n\n\n<p> <strong>Wunsch: <\/strong>Weniger Hei\u00dfhungerattacken und das &#8222;finale&#8220; Final Fantasy Spiel spielen k\u00f6nnen. <\/p>\n\n\n\n<p><br><\/p>\n","protected":false},"excerpt":{"rendered":"<p>Es gibt immer eine zweite Chance! Die sanfte Brise des Caf\u00e9s Name: VanillaGeburtsdatum: 11. M\u00e4rzSternzeichen: Fische Hobbys: RPGs spielenF\u00e4higkeiten: Kann mit ihrem Blick Diamanten schmelzen. Mag: EdelsteineEssen: N\u00fcsse in allen erdenkliche Sorten &amp; Chips.Mag nicht: Krabbelige Insekten Wunsch: Weniger Hei\u00dfhungerattacken und das &#8222;finale&#8220; Final Fantasy Spiel spielen k\u00f6nnen.<\/p>\n","protected":false},"author":4,"featured_media":0,"parent":0,"menu_order":0,"comment_status":"closed","ping_status":"closed","template":"","meta":{"footnotes":""},"class_list":["post-5011","page","type-page","status-publish","hentry"],"_links":{"self":[{"href":"https:\/\/www.luckychocolate.de\/de\/wp-json\/wp\/v2\/pages\/5011","targetHints":{"allow":["GET"]}}],"collection":[{"href":"https:\/\/www.luckychocolate.de\/de\/wp-json\/wp\/v2\/pages"}],"about":[{"href":"https:\/\/www.luckychocolate.de\/de\/wp-json\/wp\/v2\/types\/page"}],"author":[{"embeddable":true,"href":"https:\/\/www.luckychocolate.de\/de\/wp-json\/wp\/v2\/users\/4"}],"replies":[{"embeddable":true,"href":"https:\/\/www.luckychocolate.de\/de\/wp-json\/wp\/v2\/comments?post=5011"}],"version-history":[{"count":2,"href":"https:\/\/www.luckychocolate.de\/de\/wp-json\/wp\/v2\/pages\/5011\/revisions"}],"predecessor-version":[{"id":5028,"href":"https:\/\/www.luckychocolate.de\/de\/wp-json\/wp\/v2\/pages\/5011\/revisions\/5028"}],"wp:attachment":[{"href":"https:\/\/www.luckychocolate.de\/de\/wp-json\/wp\/v2\/media?parent=5011"}],"curies":[{"name":"wp","href":"https:\/\/api.w.org\/{rel}","templated":true}]}}