{"id":4836,"date":"2021-10-20T22:01:21","date_gmt":"2021-10-20T21:01:21","guid":{"rendered":"http:\/\/www.luckychocolate.de\/de\/?page_id=4836"},"modified":"2023-02-03T21:14:57","modified_gmt":"2023-02-03T20:14:57","slug":"gamescom","status":"publish","type":"page","link":"https:\/\/www.luckychocolate.de\/de\/gamescom\/","title":{"rendered":"Gamescom"},"content":{"rendered":"<div class=\"wp-block-image\">\n<figure class=\"alignleft is-resized\"><img loading=\"lazy\" decoding=\"async\" src=\"http:\/\/www.luckychocolate.de\/wp-content\/uploads\/gamescom_Logo_RGB_2590x1878-1024x742.jpg\" alt=\"\" class=\"wp-image-3594\" width=\"266\" height=\"192\" srcset=\"https:\/\/www.luckychocolate.de\/wp-content\/uploads\/gamescom_Logo_RGB_2590x1878-1024x742.jpg 1024w, https:\/\/www.luckychocolate.de\/wp-content\/uploads\/gamescom_Logo_RGB_2590x1878-300x218.jpg 300w, https:\/\/www.luckychocolate.de\/wp-content\/uploads\/gamescom_Logo_RGB_2590x1878-768x557.jpg 768w, https:\/\/www.luckychocolate.de\/wp-content\/uploads\/gamescom_Logo_RGB_2590x1878-250x181.jpg 250w, https:\/\/www.luckychocolate.de\/wp-content\/uploads\/gamescom_Logo_RGB_2590x1878-550x399.jpg 550w, https:\/\/www.luckychocolate.de\/wp-content\/uploads\/gamescom_Logo_RGB_2590x1878-800x580.jpg 800w, https:\/\/www.luckychocolate.de\/wp-content\/uploads\/gamescom_Logo_RGB_2590x1878-248x180.jpg 248w, https:\/\/www.luckychocolate.de\/wp-content\/uploads\/gamescom_Logo_RGB_2590x1878-414x300.jpg 414w, https:\/\/www.luckychocolate.de\/wp-content\/uploads\/gamescom_Logo_RGB_2590x1878-690x500.jpg 690w\" sizes=\"auto, (max-width: 266px) 100vw, 266px\" \/><figcaption class=\"wp-element-caption\">Offizielles Logo der &#8222;Gamescom&#8220;<\/figcaption><\/figure>\n<\/div>\n\n\n<p>Spielfreude, Entertainment, Inspiration und Innovation pur! Auf der <strong>Gamescom <\/strong>trifft sich alles, was Rang und Namen hat. Teste die neuesten Spiele und entdecke die neuesten Trends auf dem gr\u00f6\u00dften Event der Gaming-Industrie.  Es erwarten dich zahlreiche Events und Acts aus der ganzen Welt. Auch im n\u00e4chsten Jahr haben wir wieder die Ehre das offizielle Maid-Caf\u00e9 der Gamescom zu sein. Wir kommen im Cosplay Village zum Einsatz und freuen uns euch herzlich begr\u00fc\u00dfen zu d\u00fcrfen. Nat\u00fcrlich stehen wir euch auch f\u00fcr Smalltalk und Fotos zur Verf\u00fcgung. Seid blo\u00df nicht sch\u00fcchtern und sprecht uns an.  <br><br><\/p>\n\n\n\n<p><\/p>\n\n\n\n<p><strong>WANN &amp; WO?<\/strong> 23.08. &#8211; 27.08.2023 in der Messe K\u00f6ln <br><br><strong>Offizielle Webseite:<\/strong><\/p>\n\n\n\n<p><a href=\"https:\/\/www.gamescom.de\/de\">https:\/\/www.gamescom.de\/de<\/a><br><a href=\"https:\/\/www.facebook.com\/events\/348056186073617\/\">https:\/\/www.facebook.com\/events\/348056186073617\/<\/a><\/p>\n\n\n\n<p><\/p>\n","protected":false},"excerpt":{"rendered":"<p>Spielfreude, Entertainment, Inspiration und Innovation pur! Auf der Gamescom trifft sich alles, was Rang und Namen hat. Teste die neuesten Spiele und entdecke die neuesten Trends auf dem gr\u00f6\u00dften Event der Gaming-Industrie. Es erwarten dich zahlreiche Events und Acts aus der ganzen Welt. Auch im n\u00e4chsten Jahr haben wir wieder &hellip; <\/p>\n","protected":false},"author":4,"featured_media":0,"parent":0,"menu_order":0,"comment_status":"closed","ping_status":"closed","template":"","meta":{"footnotes":""},"class_list":["post-4836","page","type-page","status-publish","hentry"],"_links":{"self":[{"href":"https:\/\/www.luckychocolate.de\/de\/wp-json\/wp\/v2\/pages\/4836","targetHints":{"allow":["GET"]}}],"collection":[{"href":"https:\/\/www.luckychocolate.de\/de\/wp-json\/wp\/v2\/pages"}],"about":[{"href":"https:\/\/www.luckychocolate.de\/de\/wp-json\/wp\/v2\/types\/page"}],"author":[{"embeddable":true,"href":"https:\/\/www.luckychocolate.de\/de\/wp-json\/wp\/v2\/users\/4"}],"replies":[{"embeddable":true,"href":"https:\/\/www.luckychocolate.de\/de\/wp-json\/wp\/v2\/comments?post=4836"}],"version-history":[{"count":2,"href":"https:\/\/www.luckychocolate.de\/de\/wp-json\/wp\/v2\/pages\/4836\/revisions"}],"predecessor-version":[{"id":7337,"href":"https:\/\/www.luckychocolate.de\/de\/wp-json\/wp\/v2\/pages\/4836\/revisions\/7337"}],"wp:attachment":[{"href":"https:\/\/www.luckychocolate.de\/de\/wp-json\/wp\/v2\/media?parent=4836"}],"curies":[{"name":"wp","href":"https:\/\/api.w.org\/{rel}","templated":true}]}}