{"id":4540,"date":"2021-09-26T16:54:19","date_gmt":"2021-09-26T15:54:19","guid":{"rendered":"http:\/\/www.luckychocolate.de\/de\/?page_id=4540"},"modified":"2023-10-18T17:52:03","modified_gmt":"2023-10-18T16:52:03","slug":"bewerbung-2021","status":"publish","type":"page","link":"https:\/\/www.luckychocolate.de\/de\/bewerbung-2021\/","title":{"rendered":"Bewerbung 2023"},"content":{"rendered":"\n<h2 class=\"wp-block-heading\"><strong>\u2665 <em>Aktuell l\u00e4uft keine Bewerbungsphase<\/em> \u2665 <\/strong><\/h2>\n\n\n\n<p>\u2665 Die aktuelle Bewerbungsphase ist ab jetzt offen f\u00fcr ALLE (unabh\u00e4ngig vom Geschlecht und\/oder Beintr\u00e4chtigung). Bedenkt jedoch, dass wir nach dem Vorbild eines japanischen, rein weiblichen Maid Caf\u00e9s arbeiten und ihr als Maid dementsprechend mit &#8222;sie\/ihr&#8220; bezeichnet\/angesprochen werdet \u2665<\/p>\n\n\n\n<p>Hast Du schon immer davon getr\u00e4umt, in einem echten Maid Caf\u00e9 zu arbeiten?<br>Superniedliche Kleider zu tragen und das servieren von S\u00fc\u00dfspeisen sowie die Unterhaltung mit G\u00e4sten sind deine Leidenschaft? Dann bist Du bei uns schokorichtig! Jedes Jahr (Beginn August \/ September) bieten wir eine Bewerbungsphase an, indem Du die Gelegenheit hast dich als Maid bei uns zu bewerben. Der Bewerbungstart wird sowohl hier, als auch auf <a href=\"https:\/\/www.instagram.com\/luckychocolate.maidcafe\/\">Instagram<\/a> bekanntgeben. <\/p>\n\n\n\n<p>Alles Gute und hoffentlich bis bald! :3<\/p>\n\n\n\n<p>Liebe Gr\u00fc\u00dfe<br>Dein Lucky Chocolate Maid Caf\u00e9 \u2665<\/p>\n\n\n\n<center>~~~~~~~~~~~~~~~~~~~~~~~~~~~~~~~~~~~~~~~~~~~~~~~~~~~~~~~~~~~~~~~~~~~~~~~~~<\/center>\n\n\n\n<p>\u2729<strong> Was bieten wir Dir? \u2729<\/strong><br>\u2013 ein gro\u00dfes, freundliches Caf\u00e9 auf der DoKomi<br>\u2013 ein s\u00fc\u00dfes Team, manchmal etwas chaotisch aber total liebenswert<br>\u2013 von Zeit zu Zeit Jobangebote f\u00fcr Privatfirmen oder andere Conventions<br>\u2013 aktive Mitarbeit im Internet f\u00fcr unser Caf\u00e9<br>\u2013 Lernseminare<br>\u2013 Zusammenarbeit mit dem Sweet Spice Host Club der DoKomi<br>\u2013 die Gelegenheit auf der B\u00fchne und im Caf\u00e9 vor Publikum zu performen<br>\u2013 Zusammenarbeit mit erfahrenen Maids und Gastronomiearbeitern<br>\u2013 eigene, geplante Events, unseren Besprechungsseminare, Fotoshootings und nat\u00fcrlich frei Kuchen ;D<br>\u2013 ein Wochenendticket f\u00fcr die Dokomi und Verg\u00fcnstigungen beim Hotel <br>\u2013 eine gute Zusammenarbeit mit unseren Partnern<br>\u2013 tolle Gespr\u00e4che mit unseren liebenswerten G\u00e4sten<br>\u2013 Spa\u00df, Stress, Schwei\u00df mit viel MOE :\u2019D<\/p>\n\n\n\n<p><br><strong>\u2729Unsere Voraussetzungen \u2729<\/strong><br><br>Du\u2026<br>\u2026bist mindestens 18 Jahre alt.<br>\u2026wohnst in NRW oder einem der angrenzenden Bundesl\u00e4nder. (bevorzugt NRW)<br>\u2026hast einen Discordaccount.<br>\u2026bist bereit zu unseren fast monatlichen Seminaren und\/oder Fotoshootings zu kommen.<br>(Unser Hauptst\u00fctzpunkt liegt im VRR Bereich, D\u00fcsseldorf)<br>\u2026bist bereit einmal im Jahr Fahrtkosten + ev Hotelplatz f\u00fcr die DoKomi zu bezahlen.<br>\u2026bist bereit Fotos\/Videos von Dir machen zu lassen und sie f\u00fcr unsere Internetmediaseiten zur Verf\u00fcgung zu stellen.<br>\u2026bist freundlich, teamf\u00e4hig, unterhaltsam und hast gerne Kundenkontakt.<br>\u2026bist bereit die Maid-Erstausstattung zu zahlen (Kosten min. 100,00 \u20ac (Beinhaltet Kleid, Sch\u00fcrze + Gesundheitszeugnis)), zus\u00e4tzlich m\u00fcssen noch Accessoires, Headpiece etc besorgt werden.<br>\u2026erkl\u00e4rst Dich damit einverstanden, dass Du als Maid auf der Dokomi kein Geld als Bezahlung erh\u00e4ltst. <\/p>\n","protected":false},"excerpt":{"rendered":"<p>\u2665 Aktuell l\u00e4uft keine Bewerbungsphase \u2665 \u2665 Die aktuelle Bewerbungsphase ist ab jetzt offen f\u00fcr ALLE (unabh\u00e4ngig vom Geschlecht und\/oder Beintr\u00e4chtigung). Bedenkt jedoch, dass wir nach dem Vorbild eines japanischen, rein weiblichen Maid Caf\u00e9s arbeiten und ihr als Maid dementsprechend mit &#8222;sie\/ihr&#8220; bezeichnet\/angesprochen werdet \u2665 Hast Du schon immer davon &hellip; <\/p>\n","protected":false},"author":4,"featured_media":0,"parent":0,"menu_order":0,"comment_status":"closed","ping_status":"closed","template":"","meta":{"footnotes":""},"class_list":["post-4540","page","type-page","status-publish","hentry"],"_links":{"self":[{"href":"https:\/\/www.luckychocolate.de\/de\/wp-json\/wp\/v2\/pages\/4540","targetHints":{"allow":["GET"]}}],"collection":[{"href":"https:\/\/www.luckychocolate.de\/de\/wp-json\/wp\/v2\/pages"}],"about":[{"href":"https:\/\/www.luckychocolate.de\/de\/wp-json\/wp\/v2\/types\/page"}],"author":[{"embeddable":true,"href":"https:\/\/www.luckychocolate.de\/de\/wp-json\/wp\/v2\/users\/4"}],"replies":[{"embeddable":true,"href":"https:\/\/www.luckychocolate.de\/de\/wp-json\/wp\/v2\/comments?post=4540"}],"version-history":[{"count":30,"href":"https:\/\/www.luckychocolate.de\/de\/wp-json\/wp\/v2\/pages\/4540\/revisions"}],"predecessor-version":[{"id":8022,"href":"https:\/\/www.luckychocolate.de\/de\/wp-json\/wp\/v2\/pages\/4540\/revisions\/8022"}],"wp:attachment":[{"href":"https:\/\/www.luckychocolate.de\/de\/wp-json\/wp\/v2\/media?parent=4540"}],"curies":[{"name":"wp","href":"https:\/\/api.w.org\/{rel}","templated":true}]}}