{"id":4361,"date":"2021-07-16T08:58:55","date_gmt":"2021-07-16T07:58:55","guid":{"rendered":"http:\/\/www.luckychocolate.de\/de\/?page_id=4361"},"modified":"2021-10-27T10:14:49","modified_gmt":"2021-10-27T09:14:49","slug":"maid-candy","status":"publish","type":"page","link":"https:\/\/www.luckychocolate.de\/de\/maid-candy\/","title":{"rendered":"Maid Candy"},"content":{"rendered":"\n<blockquote class=\"wp-block-quote is-layout-flow wp-block-quote-is-layout-flow\"><p><em>Auf den Boden der Tatsachen liegt eindeutig zu wenig Glitzer!<\/em><\/p><\/blockquote>\n\n\n\n<p><strong>Maidname:<\/strong>&nbsp;Candy<br><strong>Merkmal(e):<\/strong> *Aahuuuu* wei\u00dfer Wolf &amp; S\u00fc\u00dfigkeiten&nbsp;<br><strong>Sprache(n):<\/strong> nur Deutsch \u00e4hmm my english is not the yellow from the egg&nbsp;<br><strong>F\u00e4higkeit(en):<\/strong> mit Wolfsnase S\u00fc\u00dfigkeiten schon von weitem erschn\u00fcffeln, abteuerlustig &amp; immer gut gelaunt, vielleicht manchmal&#8230;etwas vergesslich!&nbsp;<\/p>\n\n\n\n<p><strong> <strong>Seit wann bist du als Maid dabei<\/strong>?<\/strong> Seit 2020<\/p>\n","protected":false},"excerpt":{"rendered":"<p>Auf den Boden der Tatsachen liegt eindeutig zu wenig Glitzer! Maidname:&nbsp;CandyMerkmal(e): *Aahuuuu* wei\u00dfer Wolf &amp; S\u00fc\u00dfigkeiten&nbsp;Sprache(n): nur Deutsch \u00e4hmm my english is not the yellow from the egg&nbsp;F\u00e4higkeit(en): mit Wolfsnase S\u00fc\u00dfigkeiten schon von weitem erschn\u00fcffeln, abteuerlustig &amp; immer gut gelaunt, vielleicht manchmal&#8230;etwas vergesslich!&nbsp; Seit wann bist du als Maid dabei? &hellip; <\/p>\n","protected":false},"author":4,"featured_media":0,"parent":0,"menu_order":0,"comment_status":"closed","ping_status":"closed","template":"","meta":{"footnotes":""},"class_list":["post-4361","page","type-page","status-publish","hentry"],"_links":{"self":[{"href":"https:\/\/www.luckychocolate.de\/de\/wp-json\/wp\/v2\/pages\/4361","targetHints":{"allow":["GET"]}}],"collection":[{"href":"https:\/\/www.luckychocolate.de\/de\/wp-json\/wp\/v2\/pages"}],"about":[{"href":"https:\/\/www.luckychocolate.de\/de\/wp-json\/wp\/v2\/types\/page"}],"author":[{"embeddable":true,"href":"https:\/\/www.luckychocolate.de\/de\/wp-json\/wp\/v2\/users\/4"}],"replies":[{"embeddable":true,"href":"https:\/\/www.luckychocolate.de\/de\/wp-json\/wp\/v2\/comments?post=4361"}],"version-history":[{"count":1,"href":"https:\/\/www.luckychocolate.de\/de\/wp-json\/wp\/v2\/pages\/4361\/revisions"}],"predecessor-version":[{"id":4862,"href":"https:\/\/www.luckychocolate.de\/de\/wp-json\/wp\/v2\/pages\/4361\/revisions\/4862"}],"wp:attachment":[{"href":"https:\/\/www.luckychocolate.de\/de\/wp-json\/wp\/v2\/media?parent=4361"}],"curies":[{"name":"wp","href":"https:\/\/api.w.org\/{rel}","templated":true}]}}