{"id":3956,"date":"2019-11-07T21:25:16","date_gmt":"2019-11-07T20:25:16","guid":{"rendered":"http:\/\/www.luckychocolate.de\/de\/?page_id=3956"},"modified":"2023-06-25T18:35:13","modified_gmt":"2023-06-25T17:35:13","slug":"maid-miyuki","status":"publish","type":"page","link":"https:\/\/www.luckychocolate.de\/de\/maid-miyuki\/","title":{"rendered":"Maid Miyuki"},"content":{"rendered":"\n<div class=\"wp-block-button\"><a class=\"wp-block-button__link has-pale-pink-background-color has-background wp-element-button\" href=\"https:\/\/www.instagram.com\/maidmiyuki\/\">MAIDO INSTAGRAM<\/a><\/div>\n\n\n\n<blockquote class=\"wp-block-quote is-style-large is-layout-flow wp-block-quote-is-layout-flow\">\n<p> Wenn Schokolade die Antwort ist, ist die Frage egal. myan myan! <\/p>\n<\/blockquote>\n\n\n\n<figure class=\"wp-block-gallery alignleft has-nested-images columns-default is-cropped wp-block-gallery-1 is-layout-flex wp-block-gallery-is-layout-flex\">\n<figure class=\"wp-block-image size-large\"><img decoding=\"async\" src=\"https:\/\/www.luckychocolate.de\/wp-content\/uploads\/2023\/06\/Polaroid_Miyuki2023.jpg\" alt=\"Maid Miyuki\"\/><p style=\"text-align:center\"><a href=\"https:\/\/www.instagram.com\/ohmyduc\/\">Photo and Edit by ohmyduc<\/a><\/p><\/p><\/figure>\n<\/figure>\n\n\n\n<p><strong>Maidname: <\/strong>Miyuki <br><strong>Geburtstag:<\/strong> 20. M\u00e4rz<br><strong>Merkmale:<\/strong> Galaxy &amp; Angel (von Lilo&amp;Stitch)<br><strong>Sprachen: <\/strong>deutsch, englisch, ein wenig Spanisch und Japanisch (haupts\u00e4chlich verstehen)<br><strong>F\u00e4higkeit:<\/strong> in die fernen Weiten des Moeuniverse reisen, Chaos in die Ordnung bringen..oh..eh..ich meinte Ordnung ins Chaos bringen, myan!\u30fd(\uff65\u03c9&lt;)\u2606 <\/p>\n\n\n\n<p>\u2727*\uff61\uff65:*:\uff65\uff9f\u2019\u2726,\uff61\uff65:*:\uff65\uff9f\u2019\u2727\uff61\uff65:*:\uff65<\/p>\n\n\n\n<p>Und denkt dran:<\/p>\n\n\n\n<p>die Erde ist der einzige Planet, auf dem es Schokolade gibt! \u2013 ich habs in einer Mission f\u00fcr Goshujin-sama und Ojousama \u00fcberpr\u00fcft myan (\uff3e^\uff3e)\u309e<\/p>\n\n\n\n<p>\u2727*\uff61\uff65:*:\uff65\uff9f\u2019\u2726,\uff61\uff65:*:\uff65\uff9f\u2019\u2727\uff61\uff65:*:\uff65<\/p>\n\n\n\n<p><strong> <strong>Seit wann bist du als Maid dabei<\/strong>?  <\/strong>Seit 2018 (die Zeit vergeht so schnell!)<br><\/p>\n","protected":false},"excerpt":{"rendered":"<p>Wenn Schokolade die Antwort ist, ist die Frage egal. myan myan! Maidname: Miyuki Geburtstag: 20. M\u00e4rzMerkmale: Galaxy &amp; Angel (von Lilo&amp;Stitch)Sprachen: deutsch, englisch, ein wenig Spanisch und Japanisch (haupts\u00e4chlich verstehen)F\u00e4higkeit: in die fernen Weiten des Moeuniverse reisen, Chaos in die Ordnung bringen..oh..eh..ich meinte Ordnung ins Chaos bringen, myan!\u30fd(\uff65\u03c9&lt;)\u2606 \u2727*\uff61\uff65:*:\uff65\uff9f\u2019\u2726,\uff61\uff65:*:\uff65\uff9f\u2019\u2727\uff61\uff65:*:\uff65 Und &hellip; <\/p>\n","protected":false},"author":4,"featured_media":0,"parent":0,"menu_order":0,"comment_status":"closed","ping_status":"closed","template":"","meta":{"footnotes":""},"class_list":["post-3956","page","type-page","status-publish","hentry"],"_links":{"self":[{"href":"https:\/\/www.luckychocolate.de\/de\/wp-json\/wp\/v2\/pages\/3956","targetHints":{"allow":["GET"]}}],"collection":[{"href":"https:\/\/www.luckychocolate.de\/de\/wp-json\/wp\/v2\/pages"}],"about":[{"href":"https:\/\/www.luckychocolate.de\/de\/wp-json\/wp\/v2\/types\/page"}],"author":[{"embeddable":true,"href":"https:\/\/www.luckychocolate.de\/de\/wp-json\/wp\/v2\/users\/4"}],"replies":[{"embeddable":true,"href":"https:\/\/www.luckychocolate.de\/de\/wp-json\/wp\/v2\/comments?post=3956"}],"version-history":[{"count":5,"href":"https:\/\/www.luckychocolate.de\/de\/wp-json\/wp\/v2\/pages\/3956\/revisions"}],"predecessor-version":[{"id":7942,"href":"https:\/\/www.luckychocolate.de\/de\/wp-json\/wp\/v2\/pages\/3956\/revisions\/7942"}],"wp:attachment":[{"href":"https:\/\/www.luckychocolate.de\/de\/wp-json\/wp\/v2\/media?parent=3956"}],"curies":[{"name":"wp","href":"https:\/\/api.w.org\/{rel}","templated":true}]}}