{"id":3935,"date":"2019-11-07T21:13:06","date_gmt":"2019-11-07T20:13:06","guid":{"rendered":"http:\/\/www.luckychocolate.de\/de\/?page_id=3935"},"modified":"2023-01-23T12:06:14","modified_gmt":"2023-01-23T11:06:14","slug":"maid-soph","status":"publish","type":"page","link":"https:\/\/www.luckychocolate.de\/de\/maid-soph\/","title":{"rendered":"Maid Soph"},"content":{"rendered":"\n<blockquote class=\"wp-block-quote is-style-large is-layout-flow wp-block-quote-is-layout-flow\">\n<p> Musik kann Menschen bewegen, verzaubern und in eine ganz andere Welt entf\u00fchren.&nbsp;  <\/p>\n<\/blockquote>\n\n\n<div class=\"wp-block-image\">\n<figure class=\"alignleft size-large is-resized\"><img loading=\"lazy\" decoding=\"async\" src=\"http:\/\/www.luckychocolate.de\/wp-content\/uploads\/maid_steckbriefe_polas_2019_20_soph-735x1024.jpg\" alt=\"\" class=\"wp-image-4232\" width=\"368\" height=\"512\" srcset=\"https:\/\/www.luckychocolate.de\/wp-content\/uploads\/maid_steckbriefe_polas_2019_20_soph-735x1024.jpg 735w, https:\/\/www.luckychocolate.de\/wp-content\/uploads\/maid_steckbriefe_polas_2019_20_soph-215x300.jpg 215w, https:\/\/www.luckychocolate.de\/wp-content\/uploads\/maid_steckbriefe_polas_2019_20_soph-768x1070.jpg 768w, https:\/\/www.luckychocolate.de\/wp-content\/uploads\/maid_steckbriefe_polas_2019_20_soph-1102x1536.jpg 1102w, https:\/\/www.luckychocolate.de\/wp-content\/uploads\/maid_steckbriefe_polas_2019_20_soph-250x348.jpg 250w, https:\/\/www.luckychocolate.de\/wp-content\/uploads\/maid_steckbriefe_polas_2019_20_soph-550x766.jpg 550w, https:\/\/www.luckychocolate.de\/wp-content\/uploads\/maid_steckbriefe_polas_2019_20_soph-800x1115.jpg 800w, https:\/\/www.luckychocolate.de\/wp-content\/uploads\/maid_steckbriefe_polas_2019_20_soph-129x180.jpg 129w, https:\/\/www.luckychocolate.de\/wp-content\/uploads\/maid_steckbriefe_polas_2019_20_soph-359x500.jpg 359w, https:\/\/www.luckychocolate.de\/wp-content\/uploads\/maid_steckbriefe_polas_2019_20_soph.jpg 1251w\" sizes=\"auto, (max-width: 368px) 100vw, 368px\" \/><\/figure>\n<\/div>\n\n\n<p><strong>Maidname:<\/strong> Soph\u00a0<br><strong>Geburtsdatum:<\/strong> 26. Juli<br><strong>Merkmal(e):<\/strong> Musik-Prinzessin\u00a0<br><strong>Sprache(n):<\/strong> Deutsch<br><strong>F\u00e4higkeit(en):<\/strong> Ich zaubere Goshujin-sama und Ojou-sama immer gerne ein l\u00e4cheln ins Gesicht und als Prinzessin backe ich nat\u00fcrlich f\u00fcr mein Leben gern.\u00a0<\/p>\n\n\n\n<p><strong><strong>Seit wann bist du als Maid dabei?<\/strong> <\/strong> Seit 2017<br><\/p>\n","protected":false},"excerpt":{"rendered":"<p>Musik kann Menschen bewegen, verzaubern und in eine ganz andere Welt entf\u00fchren.&nbsp; Maidname: Soph\u00a0Geburtsdatum: 26. JuliMerkmal(e): Musik-Prinzessin\u00a0Sprache(n): DeutschF\u00e4higkeit(en): Ich zaubere Goshujin-sama und Ojou-sama immer gerne ein l\u00e4cheln ins Gesicht und als Prinzessin backe ich nat\u00fcrlich f\u00fcr mein Leben gern.\u00a0 Seit wann bist du als Maid dabei? Seit 2017<\/p>\n","protected":false},"author":4,"featured_media":0,"parent":0,"menu_order":0,"comment_status":"closed","ping_status":"closed","template":"","meta":{"footnotes":""},"class_list":["post-3935","page","type-page","status-publish","hentry"],"_links":{"self":[{"href":"https:\/\/www.luckychocolate.de\/de\/wp-json\/wp\/v2\/pages\/3935","targetHints":{"allow":["GET"]}}],"collection":[{"href":"https:\/\/www.luckychocolate.de\/de\/wp-json\/wp\/v2\/pages"}],"about":[{"href":"https:\/\/www.luckychocolate.de\/de\/wp-json\/wp\/v2\/types\/page"}],"author":[{"embeddable":true,"href":"https:\/\/www.luckychocolate.de\/de\/wp-json\/wp\/v2\/users\/4"}],"replies":[{"embeddable":true,"href":"https:\/\/www.luckychocolate.de\/de\/wp-json\/wp\/v2\/comments?post=3935"}],"version-history":[{"count":3,"href":"https:\/\/www.luckychocolate.de\/de\/wp-json\/wp\/v2\/pages\/3935\/revisions"}],"predecessor-version":[{"id":7125,"href":"https:\/\/www.luckychocolate.de\/de\/wp-json\/wp\/v2\/pages\/3935\/revisions\/7125"}],"wp:attachment":[{"href":"https:\/\/www.luckychocolate.de\/de\/wp-json\/wp\/v2\/media?parent=3935"}],"curies":[{"name":"wp","href":"https:\/\/api.w.org\/{rel}","templated":true}]}}