{"id":3933,"date":"2019-11-07T21:12:33","date_gmt":"2019-11-07T20:12:33","guid":{"rendered":"http:\/\/www.luckychocolate.de\/de\/?page_id=3933"},"modified":"2023-05-20T19:24:31","modified_gmt":"2023-05-20T18:24:31","slug":"maid-saki","status":"publish","type":"page","link":"https:\/\/www.luckychocolate.de\/de\/maid-saki\/","title":{"rendered":"Maid Saki"},"content":{"rendered":"\n<blockquote class=\"wp-block-quote is-style-large is-layout-flow wp-block-quote-is-layout-flow\">\n<p> Every flower is a soul, blossoming in nature. \/ Jede Blume ist eine Seele, die sich der Natur \u00f6ffnet. <\/p>\n<\/blockquote>\n\n\n<div class=\"wp-block-image\">\n<figure class=\"alignleft size-large is-resized\"><img loading=\"lazy\" decoding=\"async\" src=\"http:\/\/www.luckychocolate.de\/wp-content\/uploads\/maid_steckbriefe_polas_2019_20_saki-735x1024.jpg\" alt=\"\" class=\"wp-image-4228\" width=\"368\" height=\"512\" srcset=\"https:\/\/www.luckychocolate.de\/wp-content\/uploads\/maid_steckbriefe_polas_2019_20_saki-735x1024.jpg 735w, https:\/\/www.luckychocolate.de\/wp-content\/uploads\/maid_steckbriefe_polas_2019_20_saki-215x300.jpg 215w, https:\/\/www.luckychocolate.de\/wp-content\/uploads\/maid_steckbriefe_polas_2019_20_saki-768x1070.jpg 768w, https:\/\/www.luckychocolate.de\/wp-content\/uploads\/maid_steckbriefe_polas_2019_20_saki-1102x1536.jpg 1102w, https:\/\/www.luckychocolate.de\/wp-content\/uploads\/maid_steckbriefe_polas_2019_20_saki-250x348.jpg 250w, https:\/\/www.luckychocolate.de\/wp-content\/uploads\/maid_steckbriefe_polas_2019_20_saki-550x766.jpg 550w, https:\/\/www.luckychocolate.de\/wp-content\/uploads\/maid_steckbriefe_polas_2019_20_saki-800x1115.jpg 800w, https:\/\/www.luckychocolate.de\/wp-content\/uploads\/maid_steckbriefe_polas_2019_20_saki-129x180.jpg 129w, https:\/\/www.luckychocolate.de\/wp-content\/uploads\/maid_steckbriefe_polas_2019_20_saki-359x500.jpg 359w, https:\/\/www.luckychocolate.de\/wp-content\/uploads\/maid_steckbriefe_polas_2019_20_saki.jpg 1251w\" sizes=\"auto, (max-width: 368px) 100vw, 368px\" \/><\/figure>\n<\/div>\n\n\n<p><strong>Maidname:<\/strong> Saki<br><strong>Geburtstag:<\/strong> 16. Juli<br><strong>Merkmal(e): <\/strong>Kirschbl\u00fcten\/Kirschen<br><strong>Sprach(en): <\/strong>Deutsch, Englisch, Japanisch, ein bisschen Koreanisch<br><strong>F\u00e4higkeit(en):<\/strong> Goshujin-sama und Ojou-sama den Tag mit dem lieblichen Duft meiner Kirschbl\u00fcten zu vers\u00fc\u00dfen<\/p>\n\n\n\n<p><strong><strong>Seit wann bist du als Maid dabei?<\/strong> <\/strong>Seit 2018<\/p>\n","protected":false},"excerpt":{"rendered":"<p>Every flower is a soul, blossoming in nature. \/ Jede Blume ist eine Seele, die sich der Natur \u00f6ffnet. Maidname: SakiGeburtstag: 16. JuliMerkmal(e): Kirschbl\u00fcten\/KirschenSprach(en): Deutsch, Englisch, Japanisch, ein bisschen KoreanischF\u00e4higkeit(en): Goshujin-sama und Ojou-sama den Tag mit dem lieblichen Duft meiner Kirschbl\u00fcten zu vers\u00fc\u00dfen Seit wann bist du als Maid dabei? &hellip; <\/p>\n","protected":false},"author":4,"featured_media":0,"parent":0,"menu_order":0,"comment_status":"closed","ping_status":"closed","template":"","meta":{"footnotes":""},"class_list":["post-3933","page","type-page","status-publish","hentry"],"_links":{"self":[{"href":"https:\/\/www.luckychocolate.de\/de\/wp-json\/wp\/v2\/pages\/3933","targetHints":{"allow":["GET"]}}],"collection":[{"href":"https:\/\/www.luckychocolate.de\/de\/wp-json\/wp\/v2\/pages"}],"about":[{"href":"https:\/\/www.luckychocolate.de\/de\/wp-json\/wp\/v2\/types\/page"}],"author":[{"embeddable":true,"href":"https:\/\/www.luckychocolate.de\/de\/wp-json\/wp\/v2\/users\/4"}],"replies":[{"embeddable":true,"href":"https:\/\/www.luckychocolate.de\/de\/wp-json\/wp\/v2\/comments?post=3933"}],"version-history":[{"count":3,"href":"https:\/\/www.luckychocolate.de\/de\/wp-json\/wp\/v2\/pages\/3933\/revisions"}],"predecessor-version":[{"id":7723,"href":"https:\/\/www.luckychocolate.de\/de\/wp-json\/wp\/v2\/pages\/3933\/revisions\/7723"}],"wp:attachment":[{"href":"https:\/\/www.luckychocolate.de\/de\/wp-json\/wp\/v2\/media?parent=3933"}],"curies":[{"name":"wp","href":"https:\/\/api.w.org\/{rel}","templated":true}]}}