{"id":3931,"date":"2019-11-07T21:11:57","date_gmt":"2019-11-07T20:11:57","guid":{"rendered":"http:\/\/www.luckychocolate.de\/de\/?page_id=3931"},"modified":"2021-10-27T10:47:45","modified_gmt":"2021-10-27T09:47:45","slug":"maid-riku","status":"publish","type":"page","link":"https:\/\/www.luckychocolate.de\/de\/maid-riku\/","title":{"rendered":"Maid Riku"},"content":{"rendered":"\n<div class=\"wp-block-button\"><a class=\"wp-block-button__link has-pale-pink-background-color has-background\" href=\"https:\/\/www.instagram.com\/yurimasamune\/\">MAIDO-INSTAGRAM<\/a><\/div>\n\n\n\n<blockquote class=\"wp-block-quote is-style-large is-layout-flow wp-block-quote-is-layout-flow\"><p> Tr\u00e4ume nicht dein Leben, lebe deine Tr\u00e4ume. (Mit einem Shiba wird der Traum umso besser \u2661 <\/p><\/blockquote>\n\n\n\n<div class=\"wp-block-image\"><figure class=\"alignleft size-large is-resized\"><img loading=\"lazy\" decoding=\"async\" src=\"http:\/\/www.luckychocolate.de\/wp-content\/uploads\/maid_steckbriefe_polas_2019_20_riku-735x1024.jpg\" alt=\"\" class=\"wp-image-4223\" width=\"368\" height=\"512\" srcset=\"https:\/\/www.luckychocolate.de\/wp-content\/uploads\/maid_steckbriefe_polas_2019_20_riku-735x1024.jpg 735w, https:\/\/www.luckychocolate.de\/wp-content\/uploads\/maid_steckbriefe_polas_2019_20_riku-215x300.jpg 215w, https:\/\/www.luckychocolate.de\/wp-content\/uploads\/maid_steckbriefe_polas_2019_20_riku-768x1070.jpg 768w, https:\/\/www.luckychocolate.de\/wp-content\/uploads\/maid_steckbriefe_polas_2019_20_riku-1102x1536.jpg 1102w, https:\/\/www.luckychocolate.de\/wp-content\/uploads\/maid_steckbriefe_polas_2019_20_riku-250x348.jpg 250w, https:\/\/www.luckychocolate.de\/wp-content\/uploads\/maid_steckbriefe_polas_2019_20_riku-550x766.jpg 550w, https:\/\/www.luckychocolate.de\/wp-content\/uploads\/maid_steckbriefe_polas_2019_20_riku-800x1115.jpg 800w, https:\/\/www.luckychocolate.de\/wp-content\/uploads\/maid_steckbriefe_polas_2019_20_riku-129x180.jpg 129w, https:\/\/www.luckychocolate.de\/wp-content\/uploads\/maid_steckbriefe_polas_2019_20_riku-359x500.jpg 359w, https:\/\/www.luckychocolate.de\/wp-content\/uploads\/maid_steckbriefe_polas_2019_20_riku.jpg 1251w\" sizes=\"auto, (max-width: 368px) 100vw, 368px\" \/><\/figure><\/div>\n\n\n\n<p><strong>Maidname:<\/strong> Riku<br><strong>Geburtsdatum:<\/strong> 04. August<br><strong>Merkmal(e): <\/strong>Shiba Inu und Sonnenblumen<br><strong>Sprach(en):<\/strong> Deutsch, Englisch, etwas Griechisch<br><strong>F\u00e4higkeit(en): <\/strong>Ich backe und koche super gern, habe ein Faible f\u00fcr Organisation und Planung, au\u00dferdem helfe ich gerne wo ich kann und liebe es Geschichten zu schreiben.<\/p>\n\n\n\n<p><strong> <strong>Seit wann bist du als Maid dabei?<\/strong> <\/strong>Seit 2018<\/p>\n","protected":false},"excerpt":{"rendered":"<p>Tr\u00e4ume nicht dein Leben, lebe deine Tr\u00e4ume. (Mit einem Shiba wird der Traum umso besser \u2661 Maidname: RikuGeburtsdatum: 04. AugustMerkmal(e): Shiba Inu und SonnenblumenSprach(en): Deutsch, Englisch, etwas GriechischF\u00e4higkeit(en): Ich backe und koche super gern, habe ein Faible f\u00fcr Organisation und Planung, au\u00dferdem helfe ich gerne wo ich kann und liebe &hellip; <\/p>\n","protected":false},"author":4,"featured_media":0,"parent":0,"menu_order":0,"comment_status":"closed","ping_status":"closed","template":"","meta":{"footnotes":""},"class_list":["post-3931","page","type-page","status-publish","hentry"],"_links":{"self":[{"href":"https:\/\/www.luckychocolate.de\/de\/wp-json\/wp\/v2\/pages\/3931","targetHints":{"allow":["GET"]}}],"collection":[{"href":"https:\/\/www.luckychocolate.de\/de\/wp-json\/wp\/v2\/pages"}],"about":[{"href":"https:\/\/www.luckychocolate.de\/de\/wp-json\/wp\/v2\/types\/page"}],"author":[{"embeddable":true,"href":"https:\/\/www.luckychocolate.de\/de\/wp-json\/wp\/v2\/users\/4"}],"replies":[{"embeddable":true,"href":"https:\/\/www.luckychocolate.de\/de\/wp-json\/wp\/v2\/comments?post=3931"}],"version-history":[{"count":1,"href":"https:\/\/www.luckychocolate.de\/de\/wp-json\/wp\/v2\/pages\/3931\/revisions"}],"predecessor-version":[{"id":4917,"href":"https:\/\/www.luckychocolate.de\/de\/wp-json\/wp\/v2\/pages\/3931\/revisions\/4917"}],"wp:attachment":[{"href":"https:\/\/www.luckychocolate.de\/de\/wp-json\/wp\/v2\/media?parent=3931"}],"curies":[{"name":"wp","href":"https:\/\/api.w.org\/{rel}","templated":true}]}}