{"id":3929,"date":"2019-11-07T21:11:19","date_gmt":"2019-11-07T20:11:19","guid":{"rendered":"http:\/\/www.luckychocolate.de\/de\/?page_id=3929"},"modified":"2023-06-11T13:00:14","modified_gmt":"2023-06-11T12:00:14","slug":"maid-nang","status":"publish","type":"page","link":"https:\/\/www.luckychocolate.de\/de\/maid-nang\/","title":{"rendered":"Maid Nang"},"content":{"rendered":"\n<blockquote class=\"wp-block-quote is-style-large is-layout-flow wp-block-quote-is-layout-flow\">\n<p> Wenn es manchmal im Leben nicht so glatt l\u00e4uft, gib nicht auf! Es kommen immer wieder sch\u00f6ne Tage im Leben die dich Gl\u00fccklich machen werden. Oder auch Bambus \u0295\u2022\u1d25\u2022\u0294 <\/p>\n<\/blockquote>\n\n\n<div class=\"wp-block-image\">\n<figure class=\"alignleft size-large is-resized\"><img loading=\"lazy\" decoding=\"async\" src=\"https:\/\/www.luckychocolate.de\/wp-content\/uploads\/2023\/06\/Polaroid_Nang.jpg\" alt=\"\" class=\"wp-image-4220\" width=\"368\" height=\"512\"\/><\/figure>\n<\/div>\n\n\n<p><strong>Maidname: <\/strong>Nang<br><strong>Geburtsdatum:<\/strong> 02.04<br><strong>Merkmal(e):<\/strong> Pfirsich und Panda&nbsp;<br><strong>Sprach(en): <\/strong>Deutsch &amp; Englisch&nbsp;<br><strong>F\u00e4higkeit(en):<\/strong> H\u00fcgel runterpurzeln, Bambus essen und die sch\u00f6nsten Pfirsiche in meinem Garten zu pflanzen :3<\/p>\n\n\n\n<p><strong><strong>Seit wann bist du als Maid dabei<\/strong>? <\/strong>Valentinsevent 2019 war mein Start als Maid owo<br><\/p>\n","protected":false},"excerpt":{"rendered":"<p>Wenn es manchmal im Leben nicht so glatt l\u00e4uft, gib nicht auf! Es kommen immer wieder sch\u00f6ne Tage im Leben die dich Gl\u00fccklich machen werden. Oder auch Bambus \u0295\u2022\u1d25\u2022\u0294 Maidname: NangGeburtsdatum: 02.04Merkmal(e): Pfirsich und Panda&nbsp;Sprach(en): Deutsch &amp; Englisch&nbsp;F\u00e4higkeit(en): H\u00fcgel runterpurzeln, Bambus essen und die sch\u00f6nsten Pfirsiche in meinem Garten zu &hellip; <\/p>\n","protected":false},"author":4,"featured_media":0,"parent":0,"menu_order":0,"comment_status":"closed","ping_status":"closed","template":"","meta":{"footnotes":""},"class_list":["post-3929","page","type-page","status-publish","hentry"],"_links":{"self":[{"href":"https:\/\/www.luckychocolate.de\/de\/wp-json\/wp\/v2\/pages\/3929","targetHints":{"allow":["GET"]}}],"collection":[{"href":"https:\/\/www.luckychocolate.de\/de\/wp-json\/wp\/v2\/pages"}],"about":[{"href":"https:\/\/www.luckychocolate.de\/de\/wp-json\/wp\/v2\/types\/page"}],"author":[{"embeddable":true,"href":"https:\/\/www.luckychocolate.de\/de\/wp-json\/wp\/v2\/users\/4"}],"replies":[{"embeddable":true,"href":"https:\/\/www.luckychocolate.de\/de\/wp-json\/wp\/v2\/comments?post=3929"}],"version-history":[{"count":3,"href":"https:\/\/www.luckychocolate.de\/de\/wp-json\/wp\/v2\/pages\/3929\/revisions"}],"predecessor-version":[{"id":7875,"href":"https:\/\/www.luckychocolate.de\/de\/wp-json\/wp\/v2\/pages\/3929\/revisions\/7875"}],"wp:attachment":[{"href":"https:\/\/www.luckychocolate.de\/de\/wp-json\/wp\/v2\/media?parent=3929"}],"curies":[{"name":"wp","href":"https:\/\/api.w.org\/{rel}","templated":true}]}}