{"id":3923,"date":"2019-11-07T21:09:17","date_gmt":"2019-11-07T20:09:17","guid":{"rendered":"http:\/\/www.luckychocolate.de\/de\/?page_id=3923"},"modified":"2023-02-02T17:54:27","modified_gmt":"2023-02-02T16:54:27","slug":"maid-miuna","status":"publish","type":"page","link":"https:\/\/www.luckychocolate.de\/de\/maid-miuna\/","title":{"rendered":"Maid Miuna"},"content":{"rendered":"\n<div class=\"wp-block-button\"><a class=\"wp-block-button__link has-pale-pink-background-color has-background wp-element-button\" href=\"https:\/\/www.instagram.com\/maid_miuna\/\">MAIDO INSTAGRAM<\/a><\/div>\n\n\n\n<blockquote class=\"wp-block-quote is-style-large is-layout-flow wp-block-quote-is-layout-flow\">\n<p> Das Leben ist ein Spiel &#8211; versuch einfach, den Highscore zu knacken! <\/p>\n<\/blockquote>\n\n\n<div class=\"wp-block-image\">\n<figure class=\"alignleft size-large is-resized\"><img loading=\"lazy\" decoding=\"async\" src=\"https:\/\/www.luckychocolate.de\/wp-content\/uploads\/2023\/02\/Polaroid_Miuna.jpg\" alt=\"\" class=\"wp-image-4195\" width=\"368\" height=\"512\"\/><\/figure>\n<\/div>\n\n\n<p><\/p>\n\n\n\n<p><strong>Maidname: <\/strong>Miuna<br><strong>Geburtsdatum:<\/strong> 3. Oktober<br><strong>Merkmal(e): <\/strong>Gaming, schwarzes Schaf<br><strong>Sprache(n): <\/strong>Deutsch, Englisch, Japanisch<br><strong>F\u00e4higkeit(en):<\/strong> Videospiele lieben und trotzdem mehr als schlecht darin sein (\u0e51\u2022\ufe4f\u2022) und fast jedes Anime Opening auswendig singen k\u00f6nnen! ^u^<\/p>\n\n\n\n<p><strong><strong>Seit wann bist du als Maid dabei<\/strong>?  <\/strong>Seit 2018<\/p>\n\n\n\n<p><strong>Fun fact:<\/strong> Ich habe am gleichen Tag Geburtstag, an welchem Ed und Al aus Fullmetal Alchemist beschlie\u00dfen, ihr Haus niederzubrennen und zum Milit\u00e4r zu gehen. Dieses Datum hat er n\u00e4mlich in seine Taschenuhr geritzt, welche er bekommen hat, als er zum Staatsalchemisten wurde<br><\/p>\n","protected":false},"excerpt":{"rendered":"<p>Das Leben ist ein Spiel &#8211; versuch einfach, den Highscore zu knacken! Maidname: MiunaGeburtsdatum: 3. OktoberMerkmal(e): Gaming, schwarzes SchafSprache(n): Deutsch, Englisch, JapanischF\u00e4higkeit(en): Videospiele lieben und trotzdem mehr als schlecht darin sein (\u0e51\u2022\ufe4f\u2022) und fast jedes Anime Opening auswendig singen k\u00f6nnen! ^u^ Seit wann bist du als Maid dabei? Seit 2018 &hellip; <\/p>\n","protected":false},"author":4,"featured_media":0,"parent":0,"menu_order":0,"comment_status":"closed","ping_status":"closed","template":"","meta":{"footnotes":""},"class_list":["post-3923","page","type-page","status-publish","hentry"],"_links":{"self":[{"href":"https:\/\/www.luckychocolate.de\/de\/wp-json\/wp\/v2\/pages\/3923","targetHints":{"allow":["GET"]}}],"collection":[{"href":"https:\/\/www.luckychocolate.de\/de\/wp-json\/wp\/v2\/pages"}],"about":[{"href":"https:\/\/www.luckychocolate.de\/de\/wp-json\/wp\/v2\/types\/page"}],"author":[{"embeddable":true,"href":"https:\/\/www.luckychocolate.de\/de\/wp-json\/wp\/v2\/users\/4"}],"replies":[{"embeddable":true,"href":"https:\/\/www.luckychocolate.de\/de\/wp-json\/wp\/v2\/comments?post=3923"}],"version-history":[{"count":3,"href":"https:\/\/www.luckychocolate.de\/de\/wp-json\/wp\/v2\/pages\/3923\/revisions"}],"predecessor-version":[{"id":7237,"href":"https:\/\/www.luckychocolate.de\/de\/wp-json\/wp\/v2\/pages\/3923\/revisions\/7237"}],"wp:attachment":[{"href":"https:\/\/www.luckychocolate.de\/de\/wp-json\/wp\/v2\/media?parent=3923"}],"curies":[{"name":"wp","href":"https:\/\/api.w.org\/{rel}","templated":true}]}}