{"id":3921,"date":"2019-11-07T21:08:17","date_gmt":"2019-11-07T20:08:17","guid":{"rendered":"http:\/\/www.luckychocolate.de\/de\/?page_id=3921"},"modified":"2023-05-20T19:21:36","modified_gmt":"2023-05-20T18:21:36","slug":"maid-minzu","status":"publish","type":"page","link":"https:\/\/www.luckychocolate.de\/de\/maid-minzu\/","title":{"rendered":"Maid Minzu"},"content":{"rendered":"\n<div class=\"wp-block-button\"><a class=\"wp-block-button__link has-pale-pink-background-color has-background wp-element-button\" href=\"https:\/\/www.instagram.com\/moxieminzu\/\">Maido Instagram<\/a><\/div>\n\n\n\n<blockquote class=\"wp-block-quote is-style-large is-layout-flow wp-block-quote-is-layout-flow\">\n<p> Einen leeren Kopf kann man mit viel mehr Tr\u00e4umen f\u00fcllen \u00b0\u02d6\u2727\u25dd(\u2070\u25bf\u2070)\u25dc\u2727\u02d6\u00b0&nbsp; <\/p>\n<\/blockquote>\n\n\n<div class=\"wp-block-image\">\n<figure class=\"alignleft size-large is-resized\"><img loading=\"lazy\" decoding=\"async\" src=\"http:\/\/www.luckychocolate.de\/wp-content\/uploads\/maid_steckbriefe_polas_2019_20_minzu-728x1024.jpg\" alt=\"\" class=\"wp-image-4203\" width=\"364\" height=\"512\" srcset=\"https:\/\/www.luckychocolate.de\/wp-content\/uploads\/maid_steckbriefe_polas_2019_20_minzu-728x1024.jpg 728w, https:\/\/www.luckychocolate.de\/wp-content\/uploads\/maid_steckbriefe_polas_2019_20_minzu-213x300.jpg 213w, https:\/\/www.luckychocolate.de\/wp-content\/uploads\/maid_steckbriefe_polas_2019_20_minzu-768x1080.jpg 768w, https:\/\/www.luckychocolate.de\/wp-content\/uploads\/maid_steckbriefe_polas_2019_20_minzu-1092x1536.jpg 1092w, https:\/\/www.luckychocolate.de\/wp-content\/uploads\/maid_steckbriefe_polas_2019_20_minzu-250x352.jpg 250w, https:\/\/www.luckychocolate.de\/wp-content\/uploads\/maid_steckbriefe_polas_2019_20_minzu-550x774.jpg 550w, https:\/\/www.luckychocolate.de\/wp-content\/uploads\/maid_steckbriefe_polas_2019_20_minzu-800x1125.jpg 800w, https:\/\/www.luckychocolate.de\/wp-content\/uploads\/maid_steckbriefe_polas_2019_20_minzu-128x180.jpg 128w, https:\/\/www.luckychocolate.de\/wp-content\/uploads\/maid_steckbriefe_polas_2019_20_minzu-355x500.jpg 355w, https:\/\/www.luckychocolate.de\/wp-content\/uploads\/maid_steckbriefe_polas_2019_20_minzu.jpg 1239w\" sizes=\"auto, (max-width: 364px) 100vw, 364px\" \/><\/figure>\n<\/div>\n\n\n<p><strong>Maidname:<\/strong> Minzu<br><strong>Geburtsdatum: <\/strong>09. Oktober&nbsp;<br><strong>Merkmal(e):<\/strong> Minze \/ Mond<br><strong>Sprache(n): <\/strong>Deutsch, Englisch, Niederl\u00e4ndisch&nbsp;<br><strong>F\u00e4higkeit(en): <\/strong>Zum Mond reisen, damit Mond-Goshujin-sama und Mond-Ojou-sama dort oben auch gl\u00fccklich und zufrieden sind! \u263d (\u00fcbrigens, auf dem Mond riecht es nach Minze ~\ud83c\udf43) rather than my head being empty, it&#8217;s packed full of dreams \u00b0\u02d6\u2727\u25dd(\u2070\u25bf\u2070)\u25dc\u2727\u02d6\u00b0<\/p>\n\n\n\n<p><strong><strong>Seit wann bist du als Maid dabei<\/strong>? <\/strong> Seit 2017<br><\/p>\n","protected":false},"excerpt":{"rendered":"<p>Einen leeren Kopf kann man mit viel mehr Tr\u00e4umen f\u00fcllen \u00b0\u02d6\u2727\u25dd(\u2070\u25bf\u2070)\u25dc\u2727\u02d6\u00b0&nbsp; Maidname: MinzuGeburtsdatum: 09. Oktober&nbsp;Merkmal(e): Minze \/ MondSprache(n): Deutsch, Englisch, Niederl\u00e4ndisch&nbsp;F\u00e4higkeit(en): Zum Mond reisen, damit Mond-Goshujin-sama und Mond-Ojou-sama dort oben auch gl\u00fccklich und zufrieden sind! \u263d (\u00fcbrigens, auf dem Mond riecht es nach Minze ~\ud83c\udf43) rather than my head being &hellip; <\/p>\n","protected":false},"author":4,"featured_media":0,"parent":0,"menu_order":0,"comment_status":"closed","ping_status":"closed","template":"","meta":{"footnotes":""},"class_list":["post-3921","page","type-page","status-publish","hentry"],"_links":{"self":[{"href":"https:\/\/www.luckychocolate.de\/de\/wp-json\/wp\/v2\/pages\/3921","targetHints":{"allow":["GET"]}}],"collection":[{"href":"https:\/\/www.luckychocolate.de\/de\/wp-json\/wp\/v2\/pages"}],"about":[{"href":"https:\/\/www.luckychocolate.de\/de\/wp-json\/wp\/v2\/types\/page"}],"author":[{"embeddable":true,"href":"https:\/\/www.luckychocolate.de\/de\/wp-json\/wp\/v2\/users\/4"}],"replies":[{"embeddable":true,"href":"https:\/\/www.luckychocolate.de\/de\/wp-json\/wp\/v2\/comments?post=3921"}],"version-history":[{"count":2,"href":"https:\/\/www.luckychocolate.de\/de\/wp-json\/wp\/v2\/pages\/3921\/revisions"}],"predecessor-version":[{"id":7721,"href":"https:\/\/www.luckychocolate.de\/de\/wp-json\/wp\/v2\/pages\/3921\/revisions\/7721"}],"wp:attachment":[{"href":"https:\/\/www.luckychocolate.de\/de\/wp-json\/wp\/v2\/media?parent=3921"}],"curies":[{"name":"wp","href":"https:\/\/api.w.org\/{rel}","templated":true}]}}