{"id":3910,"date":"2019-11-07T21:05:41","date_gmt":"2019-11-07T20:05:41","guid":{"rendered":"http:\/\/www.luckychocolate.de\/de\/?page_id=3910"},"modified":"2023-05-22T17:11:08","modified_gmt":"2023-05-22T16:11:08","slug":"maid-kirin","status":"publish","type":"page","link":"https:\/\/www.luckychocolate.de\/de\/maid-kirin\/","title":{"rendered":"Maid Kirin"},"content":{"rendered":"\n<div class=\"wp-block-button\"><a class=\"wp-block-button__link has-pale-pink-background-color has-background wp-element-button\" href=\"https:\/\/www.instagram.com\/maid_kirin\/\">MAIDO INSTAGRAM<\/a><\/div>\n\n\n\n<blockquote class=\"wp-block-quote is-style-large is-layout-flow wp-block-quote-is-layout-flow\">\n<p> Reminder: be kind to yourself \u2661 <\/p>\n<\/blockquote>\n\n\n<div class=\"wp-block-image\">\n<figure class=\"alignleft size-large is-resized\"><img loading=\"lazy\" decoding=\"async\" src=\"https:\/\/www.luckychocolate.de\/wp-content\/uploads\/2023\/02\/Polaroid_Kirin.jpg\" alt=\"\" class=\"wp-image-4177\" width=\"364\" height=\"512\"\/><\/figure>\n<\/div>\n\n\n<p><br><strong>Maidname:<\/strong> Kirin<br><strong>Geburtstag: <\/strong>09. Mai<br><strong>Merkmal(e):<\/strong> Giraffe &amp; G\u00e4nsebl\u00fcmchen <br><strong>Sprache(n): <\/strong>Deutsch &amp; Englisch (Etwas Japanisch) <br><strong>F\u00e4higkeit(en):<\/strong> Die stetige Erweiterung meiner Giraffenar&#8230; \u00e4hm.. sammlung! ( \u02d8 \u025c\u02d8) \u266c\u266a\u266b Ansonsten tanze und backe ich gern. Auch, wenn ich mich gerne damit \u00fcbernehme (\u0ca5\ufe4f\u0ca5)<br><br><strong> <strong>Seit wann bist du als Maid dabei?<\/strong> <\/strong> Seit 2019<\/p>\n","protected":false},"excerpt":{"rendered":"<p>Reminder: be kind to yourself \u2661 Maidname: KirinGeburtstag: 09. MaiMerkmal(e): Giraffe &amp; G\u00e4nsebl\u00fcmchen Sprache(n): Deutsch &amp; Englisch (Etwas Japanisch) F\u00e4higkeit(en): Die stetige Erweiterung meiner Giraffenar&#8230; \u00e4hm.. sammlung! ( \u02d8 \u025c\u02d8) \u266c\u266a\u266b Ansonsten tanze und backe ich gern. Auch, wenn ich mich gerne damit \u00fcbernehme (\u0ca5\ufe4f\u0ca5) Seit wann bist du als &hellip; <\/p>\n","protected":false},"author":4,"featured_media":0,"parent":0,"menu_order":0,"comment_status":"closed","ping_status":"closed","template":"","meta":{"footnotes":""},"class_list":["post-3910","page","type-page","status-publish","hentry"],"_links":{"self":[{"href":"https:\/\/www.luckychocolate.de\/de\/wp-json\/wp\/v2\/pages\/3910","targetHints":{"allow":["GET"]}}],"collection":[{"href":"https:\/\/www.luckychocolate.de\/de\/wp-json\/wp\/v2\/pages"}],"about":[{"href":"https:\/\/www.luckychocolate.de\/de\/wp-json\/wp\/v2\/types\/page"}],"author":[{"embeddable":true,"href":"https:\/\/www.luckychocolate.de\/de\/wp-json\/wp\/v2\/users\/4"}],"replies":[{"embeddable":true,"href":"https:\/\/www.luckychocolate.de\/de\/wp-json\/wp\/v2\/comments?post=3910"}],"version-history":[{"count":3,"href":"https:\/\/www.luckychocolate.de\/de\/wp-json\/wp\/v2\/pages\/3910\/revisions"}],"predecessor-version":[{"id":7773,"href":"https:\/\/www.luckychocolate.de\/de\/wp-json\/wp\/v2\/pages\/3910\/revisions\/7773"}],"wp:attachment":[{"href":"https:\/\/www.luckychocolate.de\/de\/wp-json\/wp\/v2\/media?parent=3910"}],"curies":[{"name":"wp","href":"https:\/\/api.w.org\/{rel}","templated":true}]}}