{"id":3908,"date":"2019-11-07T21:04:30","date_gmt":"2019-11-07T20:04:30","guid":{"rendered":"http:\/\/www.luckychocolate.de\/de\/?page_id=3908"},"modified":"2023-02-01T17:31:35","modified_gmt":"2023-02-01T16:31:35","slug":"maid-kikyo","status":"publish","type":"page","link":"https:\/\/www.luckychocolate.de\/de\/maid-kikyo\/","title":{"rendered":"Maid Kikyo"},"content":{"rendered":"\n<div class=\"wp-block-button\"><a class=\"wp-block-button__link has-pale-pink-background-color has-background wp-element-button\" href=\"https:\/\/www.instagram.com\/maidkikyo\/\">MAIDO INSTAGRAM<\/a><\/div>\n\n\n\n<blockquote class=\"wp-block-quote is-style-large is-layout-flow wp-block-quote-is-layout-flow\">\n<p>Keep it simple! <\/p>\n<\/blockquote>\n\n\n<div class=\"wp-block-image\">\n<figure class=\"alignleft size-large is-resized\"><img loading=\"lazy\" decoding=\"async\" src=\"http:\/\/www.luckychocolate.de\/wp-content\/uploads\/maid_steckbriefe_polas_2019_20_kikyo-727x1024.jpg\" alt=\"\" class=\"wp-image-4174\" width=\"364\" height=\"512\" srcset=\"https:\/\/www.luckychocolate.de\/wp-content\/uploads\/maid_steckbriefe_polas_2019_20_kikyo-727x1024.jpg 727w, https:\/\/www.luckychocolate.de\/wp-content\/uploads\/maid_steckbriefe_polas_2019_20_kikyo-213x300.jpg 213w, https:\/\/www.luckychocolate.de\/wp-content\/uploads\/maid_steckbriefe_polas_2019_20_kikyo-768x1082.jpg 768w, https:\/\/www.luckychocolate.de\/wp-content\/uploads\/maid_steckbriefe_polas_2019_20_kikyo-1090x1536.jpg 1090w, https:\/\/www.luckychocolate.de\/wp-content\/uploads\/maid_steckbriefe_polas_2019_20_kikyo-250x352.jpg 250w, https:\/\/www.luckychocolate.de\/wp-content\/uploads\/maid_steckbriefe_polas_2019_20_kikyo-550x775.jpg 550w, https:\/\/www.luckychocolate.de\/wp-content\/uploads\/maid_steckbriefe_polas_2019_20_kikyo-800x1127.jpg 800w, https:\/\/www.luckychocolate.de\/wp-content\/uploads\/maid_steckbriefe_polas_2019_20_kikyo-128x180.jpg 128w, https:\/\/www.luckychocolate.de\/wp-content\/uploads\/maid_steckbriefe_polas_2019_20_kikyo-355x500.jpg 355w, https:\/\/www.luckychocolate.de\/wp-content\/uploads\/maid_steckbriefe_polas_2019_20_kikyo.jpg 1237w\" sizes=\"auto, (max-width: 364px) 100vw, 364px\" \/><\/figure>\n<\/div>\n\n\n<p><br><strong>Maidname:<\/strong> Kikyo<br><strong>Geburtstag:<\/strong> 19. April <br><strong>Merkmal(e):<\/strong> Waschb\u00e4r &amp; Mond <br><strong>Sprache(n):<\/strong> Deutsch  englisch und bisschen franz\u00f6sisch <br><strong>F\u00e4higkeit(en):<\/strong>  \u201eIch koche unglaublich gerne und auch sehr gut hihi\u201c <br><br><strong> <strong>Seit wann bist du als Maid dabei?<\/strong> <\/strong> Seit 2018<br><\/p>\n","protected":false},"excerpt":{"rendered":"<p>Keep it simple! Maidname: KikyoGeburtstag: 19. April Merkmal(e): Waschb\u00e4r &amp; Mond Sprache(n): Deutsch englisch und bisschen franz\u00f6sisch F\u00e4higkeit(en): \u201eIch koche unglaublich gerne und auch sehr gut hihi\u201c Seit wann bist du als Maid dabei? Seit 2018<\/p>\n","protected":false},"author":4,"featured_media":0,"parent":0,"menu_order":0,"comment_status":"closed","ping_status":"closed","template":"","meta":{"footnotes":""},"class_list":["post-3908","page","type-page","status-publish","hentry"],"_links":{"self":[{"href":"https:\/\/www.luckychocolate.de\/de\/wp-json\/wp\/v2\/pages\/3908","targetHints":{"allow":["GET"]}}],"collection":[{"href":"https:\/\/www.luckychocolate.de\/de\/wp-json\/wp\/v2\/pages"}],"about":[{"href":"https:\/\/www.luckychocolate.de\/de\/wp-json\/wp\/v2\/types\/page"}],"author":[{"embeddable":true,"href":"https:\/\/www.luckychocolate.de\/de\/wp-json\/wp\/v2\/users\/4"}],"replies":[{"embeddable":true,"href":"https:\/\/www.luckychocolate.de\/de\/wp-json\/wp\/v2\/comments?post=3908"}],"version-history":[{"count":2,"href":"https:\/\/www.luckychocolate.de\/de\/wp-json\/wp\/v2\/pages\/3908\/revisions"}],"predecessor-version":[{"id":7205,"href":"https:\/\/www.luckychocolate.de\/de\/wp-json\/wp\/v2\/pages\/3908\/revisions\/7205"}],"wp:attachment":[{"href":"https:\/\/www.luckychocolate.de\/de\/wp-json\/wp\/v2\/media?parent=3908"}],"curies":[{"name":"wp","href":"https:\/\/api.w.org\/{rel}","templated":true}]}}