{"id":3904,"date":"2019-11-07T21:02:58","date_gmt":"2019-11-07T20:02:58","guid":{"rendered":"http:\/\/www.luckychocolate.de\/de\/?page_id=3904"},"modified":"2023-02-01T17:28:45","modified_gmt":"2023-02-01T16:28:45","slug":"maid-hiko","status":"publish","type":"page","link":"https:\/\/www.luckychocolate.de\/de\/maid-hiko\/","title":{"rendered":"Maid Hiko"},"content":{"rendered":"\n<div class=\"wp-block-button alignleft\"><a class=\"wp-block-button__link has-pale-pink-background-color has-background wp-element-button\" href=\"https:\/\/www.instagram.com\/maid_hiko\/\">MAIDO INSTAGRAM<\/a><\/div>\n\n\n\n<blockquote class=\"wp-block-quote is-style-large is-layout-flow wp-block-quote-is-layout-flow\">\n<p><\/p>\n\n\n\n<p>Au\u00dfer Bl\u00f6dsinn habe ich nur eines im Kopf: n\u00e4mlich Goshujin-sama und Ojou-sama. &lt;3 <\/p>\n<\/blockquote>\n\n\n<div class=\"wp-block-image\">\n<figure class=\"alignleft size-large is-resized\"><img loading=\"lazy\" decoding=\"async\" src=\"http:\/\/www.luckychocolate.de\/wp-content\/uploads\/maid_steckbriefe_polas_2019_20_hiko-728x1024.jpg\" alt=\"\" class=\"wp-image-4167\" width=\"364\" height=\"512\" srcset=\"https:\/\/www.luckychocolate.de\/wp-content\/uploads\/maid_steckbriefe_polas_2019_20_hiko-728x1024.jpg 728w, https:\/\/www.luckychocolate.de\/wp-content\/uploads\/maid_steckbriefe_polas_2019_20_hiko-213x300.jpg 213w, https:\/\/www.luckychocolate.de\/wp-content\/uploads\/maid_steckbriefe_polas_2019_20_hiko-768x1080.jpg 768w, https:\/\/www.luckychocolate.de\/wp-content\/uploads\/maid_steckbriefe_polas_2019_20_hiko-1092x1536.jpg 1092w, https:\/\/www.luckychocolate.de\/wp-content\/uploads\/maid_steckbriefe_polas_2019_20_hiko-250x352.jpg 250w, https:\/\/www.luckychocolate.de\/wp-content\/uploads\/maid_steckbriefe_polas_2019_20_hiko-550x774.jpg 550w, https:\/\/www.luckychocolate.de\/wp-content\/uploads\/maid_steckbriefe_polas_2019_20_hiko-800x1125.jpg 800w, https:\/\/www.luckychocolate.de\/wp-content\/uploads\/maid_steckbriefe_polas_2019_20_hiko-128x180.jpg 128w, https:\/\/www.luckychocolate.de\/wp-content\/uploads\/maid_steckbriefe_polas_2019_20_hiko-355x500.jpg 355w, https:\/\/www.luckychocolate.de\/wp-content\/uploads\/maid_steckbriefe_polas_2019_20_hiko.jpg 1239w\" sizes=\"auto, (max-width: 364px) 100vw, 364px\" \/><\/figure>\n<\/div>\n\n\n<p><br><strong>Maidname:<\/strong> Hiko<br><strong>Geburtstag:<\/strong> 27. November <br><strong>Merkmal(e):<\/strong> Teufelchen &amp; Orchideen <br><strong>Sprache(n):<\/strong> Deutsch &amp; Englisch <br><strong>F\u00e4higkeit(en):<\/strong> Goshujin-sama und Ojou-sama mit Moe-tastischen T\u00e4nzen Spa\u00df bereiten x3 <br><br><strong>Seit wann bist du als Maid dabei?<\/strong>&nbsp;Seit 2019<br><\/p>\n","protected":false},"excerpt":{"rendered":"<p>Au\u00dfer Bl\u00f6dsinn habe ich nur eines im Kopf: n\u00e4mlich Goshujin-sama und Ojou-sama. &lt;3 Maidname: HikoGeburtstag: 27. November Merkmal(e): Teufelchen &amp; Orchideen Sprache(n): Deutsch &amp; Englisch F\u00e4higkeit(en): Goshujin-sama und Ojou-sama mit Moe-tastischen T\u00e4nzen Spa\u00df bereiten x3 Seit wann bist du als Maid dabei?&nbsp;Seit 2019<\/p>\n","protected":false},"author":4,"featured_media":0,"parent":0,"menu_order":0,"comment_status":"closed","ping_status":"closed","template":"","meta":{"footnotes":""},"class_list":["post-3904","page","type-page","status-publish","hentry"],"_links":{"self":[{"href":"https:\/\/www.luckychocolate.de\/de\/wp-json\/wp\/v2\/pages\/3904","targetHints":{"allow":["GET"]}}],"collection":[{"href":"https:\/\/www.luckychocolate.de\/de\/wp-json\/wp\/v2\/pages"}],"about":[{"href":"https:\/\/www.luckychocolate.de\/de\/wp-json\/wp\/v2\/types\/page"}],"author":[{"embeddable":true,"href":"https:\/\/www.luckychocolate.de\/de\/wp-json\/wp\/v2\/users\/4"}],"replies":[{"embeddable":true,"href":"https:\/\/www.luckychocolate.de\/de\/wp-json\/wp\/v2\/comments?post=3904"}],"version-history":[{"count":2,"href":"https:\/\/www.luckychocolate.de\/de\/wp-json\/wp\/v2\/pages\/3904\/revisions"}],"predecessor-version":[{"id":7203,"href":"https:\/\/www.luckychocolate.de\/de\/wp-json\/wp\/v2\/pages\/3904\/revisions\/7203"}],"wp:attachment":[{"href":"https:\/\/www.luckychocolate.de\/de\/wp-json\/wp\/v2\/media?parent=3904"}],"curies":[{"name":"wp","href":"https:\/\/api.w.org\/{rel}","templated":true}]}}