{"id":3864,"date":"2019-11-07T20:32:49","date_gmt":"2019-11-07T19:32:49","guid":{"rendered":"http:\/\/www.luckychocolate.de\/de\/?page_id=3864"},"modified":"2023-06-25T18:32:53","modified_gmt":"2023-06-25T17:32:53","slug":"maid-coco","status":"publish","type":"page","link":"https:\/\/www.luckychocolate.de\/de\/maid-coco\/","title":{"rendered":"Maid Coco"},"content":{"rendered":"\n<blockquote class=\"wp-block-quote is-style-large is-layout-flow wp-block-quote-is-layout-flow\">\n<p>Sei super-s\u00fc\u00df und kuschelig! <\/p>\n<\/blockquote>\n\n\n<div class=\"wp-block-image\">\n<figure class=\"alignleft is-resized\"><img loading=\"lazy\" decoding=\"async\" src=\"https:\/\/www.luckychocolate.de\/wp-content\/uploads\/2023\/02\/Polaroid_Coco.jpg\" alt=\"Maid Coco\" class=\"wp-image-4037\" width=\"368\" height=\"512\"\/><p font-style:\"center\"><\/figure>\n<\/div>\n\n\n<p><br><strong>Maidname:<\/strong> Coco&nbsp;<br><strong>Geburtstag:<\/strong> 20. April<br><strong>Merkmal:<\/strong> &nbsp;Stitch und Hawaii<br><strong>Sprache(n): <\/strong>Deutsch &amp; Englisch&nbsp; <br><strong>F\u00e4higkeit(en):<\/strong> Herrlich verr\u00fcckt sein und jedem ein L\u00e4cheln ins Gesicht zaubern (Oh halt! Schlafen und ganz viel essen kann ich auch sehr gut)<br><br><strong>Seit wann bist du als Maid dabei?<\/strong> Seit 2019<\/p>\n","protected":false},"excerpt":{"rendered":"<p>Sei super-s\u00fc\u00df und kuschelig! Maidname: Coco&nbsp;Geburtstag: 20. AprilMerkmal: &nbsp;Stitch und HawaiiSprache(n): Deutsch &amp; Englisch&nbsp; F\u00e4higkeit(en): Herrlich verr\u00fcckt sein und jedem ein L\u00e4cheln ins Gesicht zaubern (Oh halt! Schlafen und ganz viel essen kann ich auch sehr gut) Seit wann bist du als Maid dabei? Seit 2019<\/p>\n","protected":false},"author":4,"featured_media":0,"parent":0,"menu_order":0,"comment_status":"closed","ping_status":"closed","template":"","meta":{"footnotes":""},"class_list":["post-3864","page","type-page","status-publish","hentry"],"_links":{"self":[{"href":"https:\/\/www.luckychocolate.de\/de\/wp-json\/wp\/v2\/pages\/3864","targetHints":{"allow":["GET"]}}],"collection":[{"href":"https:\/\/www.luckychocolate.de\/de\/wp-json\/wp\/v2\/pages"}],"about":[{"href":"https:\/\/www.luckychocolate.de\/de\/wp-json\/wp\/v2\/types\/page"}],"author":[{"embeddable":true,"href":"https:\/\/www.luckychocolate.de\/de\/wp-json\/wp\/v2\/users\/4"}],"replies":[{"embeddable":true,"href":"https:\/\/www.luckychocolate.de\/de\/wp-json\/wp\/v2\/comments?post=3864"}],"version-history":[{"count":5,"href":"https:\/\/www.luckychocolate.de\/de\/wp-json\/wp\/v2\/pages\/3864\/revisions"}],"predecessor-version":[{"id":7939,"href":"https:\/\/www.luckychocolate.de\/de\/wp-json\/wp\/v2\/pages\/3864\/revisions\/7939"}],"wp:attachment":[{"href":"https:\/\/www.luckychocolate.de\/de\/wp-json\/wp\/v2\/media?parent=3864"}],"curies":[{"name":"wp","href":"https:\/\/api.w.org\/{rel}","templated":true}]}}