{"id":3862,"date":"2019-11-07T20:07:20","date_gmt":"2019-11-07T19:07:20","guid":{"rendered":"http:\/\/www.luckychocolate.de\/de\/?page_id=3862"},"modified":"2023-01-23T12:05:35","modified_gmt":"2023-01-23T11:05:35","slug":"maid-chomishi","status":"publish","type":"page","link":"https:\/\/www.luckychocolate.de\/de\/maid-chomishi\/","title":{"rendered":"Maid Chomishi"},"content":{"rendered":"\n<div class=\"wp-block-button\"><a class=\"wp-block-button__link has-pale-pink-background-color has-background wp-element-button\" href=\"https:\/\/www.instagram.com\/maid_chomishi\/\">MAIDO INSTAGRAM<\/a><\/div>\n\n\n\n<blockquote class=\"wp-block-quote is-style-large is-layout-flow wp-block-quote-is-layout-flow\">\n<p>When nothing is sure, everything is possible! \u0e05( \u0333\u0352\u2022\u0348\u1d17\u2022\u0348 \u0333\u0352)\u0e05 <\/p>\n<\/blockquote>\n\n\n<div class=\"wp-block-image\">\n<figure class=\"alignleft is-resized\"><img loading=\"lazy\" decoding=\"async\" src=\"http:\/\/www.luckychocolate.de\/wp-content\/uploads\/maid_steckbriefe_polas_2019_20_chomishi-735x1024.jpg\" alt=\"Maid Chomishi\" class=\"wp-image-4033\" width=\"368\" height=\"512\" srcset=\"https:\/\/www.luckychocolate.de\/wp-content\/uploads\/maid_steckbriefe_polas_2019_20_chomishi-735x1024.jpg 735w, https:\/\/www.luckychocolate.de\/wp-content\/uploads\/maid_steckbriefe_polas_2019_20_chomishi-215x300.jpg 215w, https:\/\/www.luckychocolate.de\/wp-content\/uploads\/maid_steckbriefe_polas_2019_20_chomishi-768x1070.jpg 768w, https:\/\/www.luckychocolate.de\/wp-content\/uploads\/maid_steckbriefe_polas_2019_20_chomishi-250x348.jpg 250w, https:\/\/www.luckychocolate.de\/wp-content\/uploads\/maid_steckbriefe_polas_2019_20_chomishi-550x766.jpg 550w, https:\/\/www.luckychocolate.de\/wp-content\/uploads\/maid_steckbriefe_polas_2019_20_chomishi-800x1115.jpg 800w, https:\/\/www.luckychocolate.de\/wp-content\/uploads\/maid_steckbriefe_polas_2019_20_chomishi-129x180.jpg 129w, https:\/\/www.luckychocolate.de\/wp-content\/uploads\/maid_steckbriefe_polas_2019_20_chomishi-359x500.jpg 359w, https:\/\/www.luckychocolate.de\/wp-content\/uploads\/maid_steckbriefe_polas_2019_20_chomishi.jpg 1251w\" sizes=\"auto, (max-width: 368px) 100vw, 368px\" \/><\/figure>\n<\/div>\n\n\n<p><br><strong>Maidname:<\/strong> Chomishi<br><strong>Geburtstag:<\/strong> 17.November <br><strong>Merkmal(e):<\/strong> Roter Panda &amp; Yin-Yang <br><strong>Sprache(n):<\/strong> Deutsch,Englisch <a title=\"Cialis (5 mg) instructions for use, indications. (Other names for Tadalafil) - Alfa Omega Church\" style=\"text-decoration:none;color:#333;\" href=\"https:\/\/aoc.surabayaweb.dev\/2022\/08\/18\/cialis-5-mg-instructions-for-use-indications-other\/\">&#8211; <\/a>[&amp; ein paar wenige S\u00e4tze Japanisch und Kroatisch]\u00a0 <br><strong>F\u00e4higkeit(en):<\/strong> Wenn ich mich auf Aufgaben konzentriere oder etwas mein Interesse weckt vergesse ich, w\u00e4hrend ich mich damit besch\u00e4ftige, gerne mal die Zeit. Besonders Abends ist es nachtaktiv wie ich bin gar nicht so leicht daran zu denken fr\u00fch schlafen zu gehen. Oft lese oder zeichne ich zu lange und vergesse dabei ganz das Goshujin-sama und Ojou-sama ja tags\u00fcber wach sind.( \u0333\u0352-\ufe4f- \u0333\u0352) <br><br> <strong> <strong>Seit wann bist du als Maid dabei<\/strong>? <\/strong>\u00a0Seit 2019<\/p>\n","protected":false},"excerpt":{"rendered":"<p>When nothing is sure, everything is possible! \u0e05( \u0333\u0352\u2022\u0348\u1d17\u2022\u0348 \u0333\u0352)\u0e05 Maidname: ChomishiGeburtstag: 17.November Merkmal(e): Roter Panda &amp; Yin-Yang Sprache(n): Deutsch,Englisch &#8211; [&amp; ein paar wenige S\u00e4tze Japanisch und Kroatisch]\u00a0 F\u00e4higkeit(en): Wenn ich mich auf Aufgaben konzentriere oder etwas mein Interesse weckt vergesse ich, w\u00e4hrend ich mich damit besch\u00e4ftige, gerne mal &hellip; <\/p>\n","protected":false},"author":4,"featured_media":0,"parent":0,"menu_order":0,"comment_status":"closed","ping_status":"closed","template":"","meta":{"footnotes":""},"class_list":["post-3862","page","type-page","status-publish","hentry"],"_links":{"self":[{"href":"https:\/\/www.luckychocolate.de\/de\/wp-json\/wp\/v2\/pages\/3862","targetHints":{"allow":["GET"]}}],"collection":[{"href":"https:\/\/www.luckychocolate.de\/de\/wp-json\/wp\/v2\/pages"}],"about":[{"href":"https:\/\/www.luckychocolate.de\/de\/wp-json\/wp\/v2\/types\/page"}],"author":[{"embeddable":true,"href":"https:\/\/www.luckychocolate.de\/de\/wp-json\/wp\/v2\/users\/4"}],"replies":[{"embeddable":true,"href":"https:\/\/www.luckychocolate.de\/de\/wp-json\/wp\/v2\/comments?post=3862"}],"version-history":[{"count":3,"href":"https:\/\/www.luckychocolate.de\/de\/wp-json\/wp\/v2\/pages\/3862\/revisions"}],"predecessor-version":[{"id":7124,"href":"https:\/\/www.luckychocolate.de\/de\/wp-json\/wp\/v2\/pages\/3862\/revisions\/7124"}],"wp:attachment":[{"href":"https:\/\/www.luckychocolate.de\/de\/wp-json\/wp\/v2\/media?parent=3862"}],"curies":[{"name":"wp","href":"https:\/\/api.w.org\/{rel}","templated":true}]}}