{"id":3856,"date":"2019-11-07T20:04:48","date_gmt":"2019-11-07T19:04:48","guid":{"rendered":"http:\/\/www.luckychocolate.de\/de\/?page_id=3856"},"modified":"2021-10-27T10:13:59","modified_gmt":"2021-10-27T09:13:59","slug":"maid-ayumi","status":"publish","type":"page","link":"https:\/\/www.luckychocolate.de\/de\/maid-ayumi\/","title":{"rendered":"Maid Ayumi"},"content":{"rendered":"\n<h2 class=\"has-text-align-left wp-block-heading\">Maid Ayumi<\/h2>\n\n\n\n<blockquote class=\"wp-block-quote is-style-large is-layout-flow wp-block-quote-is-layout-flow\"><p>Jeder gro\u00dfe Traum beginnt mit einem Tr\u00e4umer. <\/p><\/blockquote>\n\n\n\n<div class=\"wp-block-image\"><figure class=\"alignleft is-resized\"><img loading=\"lazy\" decoding=\"async\" src=\"http:\/\/www.luckychocolate.de\/wp-content\/uploads\/maid_steckbriefe_polas_2019_20_ayumi-735x1024.jpg\" alt=\"Maid Ayumi\" class=\"wp-image-3961\" width=\"368\" height=\"512\" srcset=\"https:\/\/www.luckychocolate.de\/wp-content\/uploads\/maid_steckbriefe_polas_2019_20_ayumi-735x1024.jpg 735w, https:\/\/www.luckychocolate.de\/wp-content\/uploads\/maid_steckbriefe_polas_2019_20_ayumi-215x300.jpg 215w, https:\/\/www.luckychocolate.de\/wp-content\/uploads\/maid_steckbriefe_polas_2019_20_ayumi-768x1070.jpg 768w, https:\/\/www.luckychocolate.de\/wp-content\/uploads\/maid_steckbriefe_polas_2019_20_ayumi-250x348.jpg 250w, https:\/\/www.luckychocolate.de\/wp-content\/uploads\/maid_steckbriefe_polas_2019_20_ayumi-550x766.jpg 550w, https:\/\/www.luckychocolate.de\/wp-content\/uploads\/maid_steckbriefe_polas_2019_20_ayumi-800x1115.jpg 800w, https:\/\/www.luckychocolate.de\/wp-content\/uploads\/maid_steckbriefe_polas_2019_20_ayumi-129x180.jpg 129w, https:\/\/www.luckychocolate.de\/wp-content\/uploads\/maid_steckbriefe_polas_2019_20_ayumi-359x500.jpg 359w, https:\/\/www.luckychocolate.de\/wp-content\/uploads\/maid_steckbriefe_polas_2019_20_ayumi.jpg 1251w\" sizes=\"auto, (max-width: 368px) 100vw, 368px\" \/><\/figure><\/div>\n\n\n\n<p><br><strong>Maidname:<\/strong>&nbsp;Ayumi<br><strong>Geburtstag:<\/strong>&nbsp;02. Juni<br><strong>Merkmal(e):<\/strong>&nbsp;Ohrdoch (Pok\u00e9mon) &amp; Engel<br><strong>Sprache(n):<\/strong>&nbsp;Deutsch &amp; Englisch<br><strong>F\u00e4higkeit(en):<\/strong>&nbsp;Unruhige Seelen bes\u00e4nftigen und L\u00e4cheln zaubern &lt;3<\/p>\n\n\n\n<p><br><strong> <strong>Seit wann bist du als Maid dabei<\/strong>? i?<\/strong>\u00a0Seit 2014<\/p>\n","protected":false},"excerpt":{"rendered":"<p>Maid Ayumi Jeder gro\u00dfe Traum beginnt mit einem Tr\u00e4umer. Maidname:&nbsp;AyumiGeburtstag:&nbsp;02. JuniMerkmal(e):&nbsp;Ohrdoch (Pok\u00e9mon) &amp; EngelSprache(n):&nbsp;Deutsch &amp; EnglischF\u00e4higkeit(en):&nbsp;Unruhige Seelen bes\u00e4nftigen und L\u00e4cheln zaubern &lt;3 Seit wann bist du als Maid dabei? i?\u00a0Seit 2014<\/p>\n","protected":false},"author":4,"featured_media":0,"parent":0,"menu_order":0,"comment_status":"closed","ping_status":"closed","template":"","meta":{"footnotes":""},"class_list":["post-3856","page","type-page","status-publish","hentry"],"_links":{"self":[{"href":"https:\/\/www.luckychocolate.de\/de\/wp-json\/wp\/v2\/pages\/3856","targetHints":{"allow":["GET"]}}],"collection":[{"href":"https:\/\/www.luckychocolate.de\/de\/wp-json\/wp\/v2\/pages"}],"about":[{"href":"https:\/\/www.luckychocolate.de\/de\/wp-json\/wp\/v2\/types\/page"}],"author":[{"embeddable":true,"href":"https:\/\/www.luckychocolate.de\/de\/wp-json\/wp\/v2\/users\/4"}],"replies":[{"embeddable":true,"href":"https:\/\/www.luckychocolate.de\/de\/wp-json\/wp\/v2\/comments?post=3856"}],"version-history":[{"count":1,"href":"https:\/\/www.luckychocolate.de\/de\/wp-json\/wp\/v2\/pages\/3856\/revisions"}],"predecessor-version":[{"id":4860,"href":"https:\/\/www.luckychocolate.de\/de\/wp-json\/wp\/v2\/pages\/3856\/revisions\/4860"}],"wp:attachment":[{"href":"https:\/\/www.luckychocolate.de\/de\/wp-json\/wp\/v2\/media?parent=3856"}],"curies":[{"name":"wp","href":"https:\/\/api.w.org\/{rel}","templated":true}]}}