{"id":3691,"date":"2019-11-05T14:21:01","date_gmt":"2019-11-05T13:21:01","guid":{"rendered":"http:\/\/www.luckychocolate.de\/de\/?page_id=3691"},"modified":"2021-11-15T17:17:42","modified_gmt":"2021-11-15T16:17:42","slug":"videos","status":"publish","type":"page","link":"https:\/\/www.luckychocolate.de\/de\/videos\/","title":{"rendered":"Videos"},"content":{"rendered":"\n<h3 class=\"wp-block-heading\"> *:\uff65\uff9f\u2727 Okaerinasaimaise Goushijin-sama &amp; Ojou-sama! *:\uff65\uff9f\u2727  <\/h3>\n\n\n\n<p> Wie Ihr bereits wisst, ist es unseren Maids das Wichtigste, Goshujin-Sama und Ojou-Sama ein L\u00e4cheln zu schenken und sie mit ganz viel Moe zu verw\u00f6hnen. Um Euch weiterhin ein s\u00fc\u00dfes L\u00e4cheln auf dem Gesicht zu zaubern, werden in Zukunft weitere Videos hier folgen. So gibt es die M\u00f6glichkeit, die Maids noch \u00f6fter in Action zu erleben! o(*\u2267\u25a1\u2266)o <\/p>\n\n\n<p><!--?php echo do_shortcode('[Total_Soft_Gallery_Video id=\"1\"]');?--><\/p>\n\n<div class=\"epyt-gallery\" data-currpage=\"1\" id=\"epyt_gallery_44236\"><iframe loading=\"lazy\"  id=\"_ytid_81196\"  width=\"750\" height=\"422\"  data-origwidth=\"750\" data-origheight=\"422\" src=\"https:\/\/www.youtube.com\/embed\/cFXX0YR09Vc?enablejsapi=1&#038;autoplay=0&#038;cc_load_policy=0&#038;cc_lang_pref=&#038;iv_load_policy=1&#038;loop=0&#038;rel=0&#038;fs=1&#038;playsinline=0&#038;autohide=2&#038;theme=dark&#038;color=red&#038;controls=1&#038;disablekb=0&#038;\" class=\"__youtube_prefs__  no-lazyload\" title=\"YouTube player\"  data-epytgalleryid=\"epyt_gallery_44236\"  allow=\"fullscreen; accelerometer; autoplay; clipboard-write; encrypted-media; gyroscope; picture-in-picture; web-share\" referrerpolicy=\"strict-origin-when-cross-origin\" allowfullscreen data-no-lazy=\"1\" data-skipgform_ajax_framebjll=\"\"><\/iframe><div class=\"epyt-gallery-list\"><div class=\"epyt-pagination \"><div tabindex=\"0\" role=\"button\" class=\"epyt-pagebutton epyt-prev  hide \" data-playlistid=\"PLDBak8eLaiTCUOokNbwRQpzjoeHLbFazB\" data-pagesize=\"15\" data-pagetoken=\"\" data-epcolumns=\"3\" data-showtitle=\"1\" data-showpaging=\"1\" data-autonext=\"0\" data-thumbplay=\"1\"><div class=\"epyt-arrow\">&laquo;<\/div> <div>Prev<\/div><\/div><div class=\"epyt-pagenumbers hide\"><div class=\"epyt-current\">1<\/div><div class=\"epyt-pageseparator\"> \/ <\/div><div class=\"epyt-totalpages\">1<\/div><\/div><div tabindex=\"0\" role=\"button\" class=\"epyt-pagebutton epyt-next hide \" data-playlistid=\"PLDBak8eLaiTCUOokNbwRQpzjoeHLbFazB\" data-pagesize=\"15\" data-pagetoken=\"\" data-epcolumns=\"3\" data-showtitle=\"1\" data-showpaging=\"1\" data-autonext=\"0\" data-thumbplay=\"1\"><div>Next<\/div> <div class=\"epyt-arrow\">&raquo;<\/div><\/div><div class=\"epyt-loader\"><img loading=\"lazy\" decoding=\"async\" alt=\"loading\" width=\"16\" height=\"11\" src=\"https:\/\/www.luckychocolate.de\/wp-content\/plugins\/youtube-embed-plus\/images\/gallery-page-loader.gif\"><\/div><\/div><div class=\"epyt-gallery-allthumbs  epyt-cols-3 \"><div tabindex=\"0\" role=\"button\" data-videoid=\"cFXX0YR09Vc\" class=\"epyt-gallery-thumb\"><div class=\"epyt-gallery-img-box\"><div class=\"epyt-gallery-img\" style=\"background-image: url(https:\/\/i.ytimg.com\/vi\/cFXX0YR09Vc\/hqdefault.jpg)\"><div class=\"epyt-gallery-playhover\"><img loading=\"lazy\" decoding=\"async\" alt=\"play\" class=\"epyt-play-img\" width=\"30\" height=\"23\" src=\"https:\/\/www.luckychocolate.de\/wp-content\/plugins\/youtube-embed-plus\/images\/playhover.png\" data-no-lazy=\"1\" data-skipgform_ajax_framebjll=\"\" \/><div class=\"epyt-gallery-playcrutch\"><\/div><\/div><\/div><\/div><div class=\"epyt-gallery-title\">\u2729\u00b0\uff61\u22c6 Lucky Chocolate Maid Caf\u00e9 &#8211; D.I.Y Weihnachtskugeln \u22c6\u00b0\uff61\u2729<\/div><\/div><div tabindex=\"0\" role=\"button\" data-videoid=\"BeDaunxwZNg\" class=\"epyt-gallery-thumb\"><div class=\"epyt-gallery-img-box\"><div class=\"epyt-gallery-img\" style=\"background-image: url(https:\/\/i.ytimg.com\/vi\/BeDaunxwZNg\/hqdefault.jpg)\"><div class=\"epyt-gallery-playhover\"><img loading=\"lazy\" decoding=\"async\" alt=\"play\" class=\"epyt-play-img\" width=\"30\" height=\"23\" src=\"https:\/\/www.luckychocolate.de\/wp-content\/plugins\/youtube-embed-plus\/images\/playhover.png\" data-no-lazy=\"1\" data-skipgform_ajax_framebjll=\"\" \/><div class=\"epyt-gallery-playcrutch\"><\/div><\/div><\/div><\/div><div class=\"epyt-gallery-title\">\u10e6\u2741\u2661\u2660 Lucky Spice Event &#8211; ENTERTAINMENT  \u2661\u2741\u10e6<\/div><\/div><div tabindex=\"0\" role=\"button\" data-videoid=\"NA3c9e0ak8s\" class=\"epyt-gallery-thumb\"><div class=\"epyt-gallery-img-box\"><div class=\"epyt-gallery-img\" style=\"background-image: url(https:\/\/i.ytimg.com\/vi\/NA3c9e0ak8s\/hqdefault.jpg)\"><div class=\"epyt-gallery-playhover\"><img loading=\"lazy\" decoding=\"async\" alt=\"play\" class=\"epyt-play-img\" width=\"30\" height=\"23\" src=\"https:\/\/www.luckychocolate.de\/wp-content\/plugins\/youtube-embed-plus\/images\/playhover.png\" data-no-lazy=\"1\" data-skipgform_ajax_framebjll=\"\" \/><div class=\"epyt-gallery-playcrutch\"><\/div><\/div><\/div><\/div><div class=\"epyt-gallery-title\">\u10e6\u2741\u2661\u2660  Lucky Spice &#8211; Valentinsevent \u2660 \u2661\u2741\u10e6<\/div><\/div><div class=\"epyt-gallery-rowbreak\"><\/div><div tabindex=\"0\" role=\"button\" data-videoid=\"nOW37Rs5iUs\" class=\"epyt-gallery-thumb\"><div class=\"epyt-gallery-img-box\"><div class=\"epyt-gallery-img\" style=\"background-image: url(https:\/\/i.ytimg.com\/vi\/nOW37Rs5iUs\/hqdefault.jpg)\"><div class=\"epyt-gallery-playhover\"><img loading=\"lazy\" decoding=\"async\" alt=\"play\" class=\"epyt-play-img\" width=\"30\" height=\"23\" src=\"https:\/\/www.luckychocolate.de\/wp-content\/plugins\/youtube-embed-plus\/images\/playhover.png\" data-no-lazy=\"1\" data-skipgform_ajax_framebjll=\"\" \/><div class=\"epyt-gallery-playcrutch\"><\/div><\/div><\/div><\/div><div class=\"epyt-gallery-title\">\u2729\u00b0\uff61\u22c6 Lucky Chocolate Maid Caf\u00e9\/Maid Chor &quot;Lucky Melody&quot;- In der Weihnachtsb\u00e4ckerrei (Cover)\u22c6\u00b0\uff61\u2729<\/div><\/div><div tabindex=\"0\" role=\"button\" data-videoid=\"czJdK-uGaSc\" class=\"epyt-gallery-thumb\"><div class=\"epyt-gallery-img-box\"><div class=\"epyt-gallery-img\" style=\"background-image: url(https:\/\/i.ytimg.com\/vi\/czJdK-uGaSc\/hqdefault.jpg)\"><div class=\"epyt-gallery-playhover\"><img loading=\"lazy\" decoding=\"async\" alt=\"play\" class=\"epyt-play-img\" width=\"30\" height=\"23\" src=\"https:\/\/www.luckychocolate.de\/wp-content\/plugins\/youtube-embed-plus\/images\/playhover.png\" data-no-lazy=\"1\" data-skipgform_ajax_framebjll=\"\" \/><div class=\"epyt-gallery-playcrutch\"><\/div><\/div><\/div><\/div><div class=\"epyt-gallery-title\">Lucky Chocolate Maid Caf\u00e9 &#8211; Happy Happy Morning (Dance Cover)<\/div><\/div><div tabindex=\"0\" role=\"button\" data-videoid=\"UG5ZdbXlHVw\" class=\"epyt-gallery-thumb\"><div class=\"epyt-gallery-img-box\"><div class=\"epyt-gallery-img\" style=\"background-image: url(https:\/\/i.ytimg.com\/vi\/UG5ZdbXlHVw\/hqdefault.jpg)\"><div class=\"epyt-gallery-playhover\"><img loading=\"lazy\" decoding=\"async\" alt=\"play\" class=\"epyt-play-img\" width=\"30\" height=\"23\" src=\"https:\/\/www.luckychocolate.de\/wp-content\/plugins\/youtube-embed-plus\/images\/playhover.png\" data-no-lazy=\"1\" data-skipgform_ajax_framebjll=\"\" \/><div class=\"epyt-gallery-playcrutch\"><\/div><\/div><\/div><\/div><div class=\"epyt-gallery-title\">Lucky Chocolate Maid Caf\u00e9 &#8211; Handmade Chocolate (Dance Cover)<\/div><\/div><div class=\"epyt-gallery-rowbreak\"><\/div><div tabindex=\"0\" role=\"button\" data-videoid=\"-hy72uLzZzQ\" class=\"epyt-gallery-thumb\"><div class=\"epyt-gallery-img-box\"><div class=\"epyt-gallery-img\" style=\"background-image: url(https:\/\/i.ytimg.com\/vi\/-hy72uLzZzQ\/hqdefault.jpg)\"><div class=\"epyt-gallery-playhover\"><img loading=\"lazy\" decoding=\"async\" alt=\"play\" class=\"epyt-play-img\" width=\"30\" height=\"23\" src=\"https:\/\/www.luckychocolate.de\/wp-content\/plugins\/youtube-embed-plus\/images\/playhover.png\" data-no-lazy=\"1\" data-skipgform_ajax_framebjll=\"\" \/><div class=\"epyt-gallery-playcrutch\"><\/div><\/div><\/div><\/div><div class=\"epyt-gallery-title\">Lucky Chocolate Maid Caf\u00e9 &#8211; Sweet Sweet Holiday (Dance Cover)<\/div><\/div><div tabindex=\"0\" role=\"button\" data-videoid=\"S8kWfdVqYaQ\" class=\"epyt-gallery-thumb\"><div class=\"epyt-gallery-img-box\"><div class=\"epyt-gallery-img\" style=\"background-image: url(https:\/\/i.ytimg.com\/vi\/S8kWfdVqYaQ\/hqdefault.jpg)\"><div class=\"epyt-gallery-playhover\"><img loading=\"lazy\" decoding=\"async\" alt=\"play\" class=\"epyt-play-img\" width=\"30\" height=\"23\" src=\"https:\/\/www.luckychocolate.de\/wp-content\/plugins\/youtube-embed-plus\/images\/playhover.png\" data-no-lazy=\"1\" data-skipgform_ajax_framebjll=\"\" \/><div class=\"epyt-gallery-playcrutch\"><\/div><\/div><\/div><\/div><div class=\"epyt-gallery-title\">Maid Dance &#8211; MUNE MUNE KYUN &#8211; Lucky Chocolate Maid Caf\u00e9<\/div><\/div><div tabindex=\"0\" role=\"button\" data-videoid=\"6dC-KsSoQk4\" class=\"epyt-gallery-thumb\"><div class=\"epyt-gallery-img-box\"><div class=\"epyt-gallery-img\" style=\"background-image: url(https:\/\/i.ytimg.com\/vi\/6dC-KsSoQk4\/hqdefault.jpg)\"><div class=\"epyt-gallery-playhover\"><img loading=\"lazy\" decoding=\"async\" alt=\"play\" class=\"epyt-play-img\" width=\"30\" height=\"23\" src=\"https:\/\/www.luckychocolate.de\/wp-content\/plugins\/youtube-embed-plus\/images\/playhover.png\" data-no-lazy=\"1\" data-skipgform_ajax_framebjll=\"\" \/><div class=\"epyt-gallery-playcrutch\"><\/div><\/div><\/div><\/div><div class=\"epyt-gallery-title\">Lucky Chocolate Maid Caf\u00e9 &#8211; Trailer<\/div><\/div><div class=\"epyt-gallery-rowbreak\"><\/div><div tabindex=\"0\" role=\"button\" data-videoid=\"fcGOnEyYMDs\" class=\"epyt-gallery-thumb\"><div class=\"epyt-gallery-img-box\"><div class=\"epyt-gallery-img\" style=\"background-image: url(https:\/\/i.ytimg.com\/vi\/fcGOnEyYMDs\/hqdefault.jpg)\"><div class=\"epyt-gallery-playhover\"><img loading=\"lazy\" decoding=\"async\" alt=\"play\" class=\"epyt-play-img\" width=\"30\" height=\"23\" src=\"https:\/\/www.luckychocolate.de\/wp-content\/plugins\/youtube-embed-plus\/images\/playhover.png\" data-no-lazy=\"1\" data-skipgform_ajax_framebjll=\"\" \/><div class=\"epyt-gallery-playcrutch\"><\/div><\/div><\/div><\/div><div class=\"epyt-gallery-title\">[Lucky Chocolate Maid Caf\u00e9] Maid Dance &#8211; Japantag 2014<\/div><\/div><div tabindex=\"0\" role=\"button\" data-videoid=\"O1KRp7rMr70\" class=\"epyt-gallery-thumb\"><div class=\"epyt-gallery-img-box\"><div class=\"epyt-gallery-img\" style=\"background-image: url(https:\/\/i.ytimg.com\/vi\/O1KRp7rMr70\/hqdefault.jpg)\"><div class=\"epyt-gallery-playhover\"><img loading=\"lazy\" decoding=\"async\" alt=\"play\" class=\"epyt-play-img\" width=\"30\" height=\"23\" src=\"https:\/\/www.luckychocolate.de\/wp-content\/plugins\/youtube-embed-plus\/images\/playhover.png\" data-no-lazy=\"1\" data-skipgform_ajax_framebjll=\"\" \/><div class=\"epyt-gallery-playcrutch\"><\/div><\/div><\/div><\/div><div class=\"epyt-gallery-title\">[Lucky Chocolate Maid Caf\u00e9] DoKomi 2014<\/div><\/div><div tabindex=\"0\" role=\"button\" data-videoid=\"vlORPt41KHs\" class=\"epyt-gallery-thumb\"><div class=\"epyt-gallery-img-box\"><div class=\"epyt-gallery-img\" style=\"background-image: url(https:\/\/i.ytimg.com\/vi\/vlORPt41KHs\/hqdefault.jpg)\"><div class=\"epyt-gallery-playhover\"><img loading=\"lazy\" decoding=\"async\" alt=\"play\" class=\"epyt-play-img\" width=\"30\" height=\"23\" src=\"https:\/\/www.luckychocolate.de\/wp-content\/plugins\/youtube-embed-plus\/images\/playhover.png\" data-no-lazy=\"1\" data-skipgform_ajax_framebjll=\"\" \/><div class=\"epyt-gallery-playcrutch\"><\/div><\/div><\/div><\/div><div class=\"epyt-gallery-title\">JAM Akihabara &#8211; Maid Caf\u00e9 partnership<\/div><\/div><div class=\"epyt-gallery-rowbreak\"><\/div><div tabindex=\"0\" role=\"button\" data-videoid=\"NOBCF4PQMBI\" class=\"epyt-gallery-thumb\"><div class=\"epyt-gallery-img-box\"><div class=\"epyt-gallery-img\" style=\"background-image: url(https:\/\/i.ytimg.com\/vi\/NOBCF4PQMBI\/hqdefault.jpg)\"><div class=\"epyt-gallery-playhover\"><img loading=\"lazy\" decoding=\"async\" alt=\"play\" class=\"epyt-play-img\" width=\"30\" height=\"23\" src=\"https:\/\/www.luckychocolate.de\/wp-content\/plugins\/youtube-embed-plus\/images\/playhover.png\" data-no-lazy=\"1\" data-skipgform_ajax_framebjll=\"\" \/><div class=\"epyt-gallery-playcrutch\"><\/div><\/div><\/div><\/div><div class=\"epyt-gallery-title\">Maid Cafe auf der DOKOMI 2011 : Maids drehen durch! \ud83d\ude09<\/div><\/div><div class=\"epyt-gallery-clear\"><\/div><\/div><div class=\"epyt-pagination \"><div tabindex=\"0\" role=\"button\" class=\"epyt-pagebutton epyt-prev  hide \" data-playlistid=\"PLDBak8eLaiTCUOokNbwRQpzjoeHLbFazB\" data-pagesize=\"15\" data-pagetoken=\"\" data-epcolumns=\"3\" data-showtitle=\"1\" data-showpaging=\"1\" data-autonext=\"0\" data-thumbplay=\"1\"><div class=\"epyt-arrow\">&laquo;<\/div> <div>Prev<\/div><\/div><div class=\"epyt-pagenumbers hide\"><div class=\"epyt-current\">1<\/div><div class=\"epyt-pageseparator\"> \/ <\/div><div class=\"epyt-totalpages\">1<\/div><\/div><div tabindex=\"0\" role=\"button\" class=\"epyt-pagebutton epyt-next hide \" data-playlistid=\"PLDBak8eLaiTCUOokNbwRQpzjoeHLbFazB\" data-pagesize=\"15\" data-pagetoken=\"\" data-epcolumns=\"3\" data-showtitle=\"1\" data-showpaging=\"1\" data-autonext=\"0\" data-thumbplay=\"1\"><div>Next<\/div> <div class=\"epyt-arrow\">&raquo;<\/div><\/div><div class=\"epyt-loader\"><img loading=\"lazy\" decoding=\"async\" alt=\"loading\" width=\"16\" height=\"11\" src=\"https:\/\/www.luckychocolate.de\/wp-content\/plugins\/youtube-embed-plus\/images\/gallery-page-loader.gif\"><\/div><\/div><\/div><\/div>","protected":false},"excerpt":{"rendered":"<p>*:\uff65\uff9f\u2727 Okaerinasaimaise Goushijin-sama &amp; Ojou-sama! *:\uff65\uff9f\u2727 Wie Ihr bereits wisst, ist es unseren Maids das Wichtigste, Goshujin-Sama und Ojou-Sama ein L\u00e4cheln zu schenken und sie mit ganz viel Moe zu verw\u00f6hnen. Um Euch weiterhin ein s\u00fc\u00dfes L\u00e4cheln auf dem Gesicht zu zaubern, werden in Zukunft weitere Videos hier folgen. So &hellip; <\/p>\n","protected":false},"author":4,"featured_media":0,"parent":0,"menu_order":0,"comment_status":"closed","ping_status":"closed","template":"","meta":{"footnotes":""},"class_list":["post-3691","page","type-page","status-publish","hentry"],"_links":{"self":[{"href":"https:\/\/www.luckychocolate.de\/de\/wp-json\/wp\/v2\/pages\/3691","targetHints":{"allow":["GET"]}}],"collection":[{"href":"https:\/\/www.luckychocolate.de\/de\/wp-json\/wp\/v2\/pages"}],"about":[{"href":"https:\/\/www.luckychocolate.de\/de\/wp-json\/wp\/v2\/types\/page"}],"author":[{"embeddable":true,"href":"https:\/\/www.luckychocolate.de\/de\/wp-json\/wp\/v2\/users\/4"}],"replies":[{"embeddable":true,"href":"https:\/\/www.luckychocolate.de\/de\/wp-json\/wp\/v2\/comments?post=3691"}],"version-history":[{"count":8,"href":"https:\/\/www.luckychocolate.de\/de\/wp-json\/wp\/v2\/pages\/3691\/revisions"}],"predecessor-version":[{"id":4931,"href":"https:\/\/www.luckychocolate.de\/de\/wp-json\/wp\/v2\/pages\/3691\/revisions\/4931"}],"wp:attachment":[{"href":"https:\/\/www.luckychocolate.de\/de\/wp-json\/wp\/v2\/media?parent=3691"}],"curies":[{"name":"wp","href":"https:\/\/api.w.org\/{rel}","templated":true}]}}