{"id":3002,"date":"2018-05-03T22:01:04","date_gmt":"2018-05-03T21:01:04","guid":{"rendered":"http:\/\/www.luckychocolate.de\/?page_id=3002"},"modified":"2023-06-11T13:46:24","modified_gmt":"2023-06-11T12:46:24","slug":"maid-mya","status":"publish","type":"page","link":"https:\/\/www.luckychocolate.de\/de\/maid-mya\/","title":{"rendered":"Maid Mya"},"content":{"rendered":"\n<blockquote class=\"wp-block-quote is-style-large is-layout-flow wp-block-quote-is-layout-flow\">\n<p>  when you fail at something, at least you&#8217;re trying <\/p>\n<\/blockquote>\n\n\n<div class=\"wp-block-image\">\n<figure class=\"alignleft size-large is-resized\"><img loading=\"lazy\" decoding=\"async\" src=\"https:\/\/www.luckychocolate.de\/wp-content\/uploads\/2023\/06\/Polaroid_mya2023.jpg\" alt=\"\" class=\"wp-image-4213\" width=\"368\" height=\"512\"\/><\/figure>\n<\/div>\n\n\n<p><strong>Maidname:<\/strong> Mya<br><strong>Geburtsdatum: <\/strong>1.7<br><strong>Mermal(e):<\/strong> Landhaus Mode<br><strong>Sprach(en):<\/strong> Deutsch &amp; Englisch<br><strong>F\u00e4higkeit(en):<\/strong> Durch die Zeit reisen. Einst floh ich durch den Steinkreis aus dem mittelalterlichen Schottland um endlich die W\u00e4rme eines Kaffees genie\u00dfen zu k\u00f6nnen.<\/p>\n\n\n\n<p><strong>Seit wann bist du als Maid dabei<\/strong>?  Seit 2014<br><\/p>\n","protected":false},"excerpt":{"rendered":"<p>when you fail at something, at least you&#8217;re trying Maidname: MyaGeburtsdatum: 1.7Mermal(e): Landhaus ModeSprach(en): Deutsch &amp; EnglischF\u00e4higkeit(en): Durch die Zeit reisen. Einst floh ich durch den Steinkreis aus dem mittelalterlichen Schottland um endlich die W\u00e4rme eines Kaffees genie\u00dfen zu k\u00f6nnen. Seit wann bist du als Maid dabei? Seit 2014<\/p>\n","protected":false},"author":4,"featured_media":0,"parent":0,"menu_order":0,"comment_status":"closed","ping_status":"closed","template":"","meta":{"footnotes":""},"class_list":["post-3002","page","type-page","status-publish","hentry"],"_links":{"self":[{"href":"https:\/\/www.luckychocolate.de\/de\/wp-json\/wp\/v2\/pages\/3002","targetHints":{"allow":["GET"]}}],"collection":[{"href":"https:\/\/www.luckychocolate.de\/de\/wp-json\/wp\/v2\/pages"}],"about":[{"href":"https:\/\/www.luckychocolate.de\/de\/wp-json\/wp\/v2\/types\/page"}],"author":[{"embeddable":true,"href":"https:\/\/www.luckychocolate.de\/de\/wp-json\/wp\/v2\/users\/4"}],"replies":[{"embeddable":true,"href":"https:\/\/www.luckychocolate.de\/de\/wp-json\/wp\/v2\/comments?post=3002"}],"version-history":[{"count":3,"href":"https:\/\/www.luckychocolate.de\/de\/wp-json\/wp\/v2\/pages\/3002\/revisions"}],"predecessor-version":[{"id":7885,"href":"https:\/\/www.luckychocolate.de\/de\/wp-json\/wp\/v2\/pages\/3002\/revisions\/7885"}],"wp:attachment":[{"href":"https:\/\/www.luckychocolate.de\/de\/wp-json\/wp\/v2\/media?parent=3002"}],"curies":[{"name":"wp","href":"https:\/\/api.w.org\/{rel}","templated":true}]}}