{"id":2992,"date":"2018-05-03T21:59:15","date_gmt":"2018-05-03T20:59:15","guid":{"rendered":"http:\/\/www.luckychocolate.de\/?page_id=2992"},"modified":"2021-10-27T10:22:42","modified_gmt":"2021-10-27T09:22:42","slug":"maid-kitsu","status":"publish","type":"page","link":"https:\/\/www.luckychocolate.de\/de\/maid-kitsu\/","title":{"rendered":"Maid Kitsu"},"content":{"rendered":"\n<h2 class=\"wp-block-heading\">Maid Kitsu<\/h2>\n\n\n\n<div class=\"wp-block-button\"><a class=\"wp-block-button__link has-pale-pink-background-color has-background\" href=\"https:\/\/www.instagram.com\/maidkitsu\/\">MAIDO INSTAGRAM<\/a><\/div>\n\n\n\n<blockquote class=\"wp-block-quote is-style-large is-layout-flow wp-block-quote-is-layout-flow\"><p>Alle Tr\u00e4ume k\u00f6nnen wahr werden, wenn wir den Mut haben, ihnen zu folgen. <\/p><cite> Walt Disney <\/cite><\/blockquote>\n\n\n\n<div class=\"wp-block-image\"><figure class=\"alignleft size-large is-resized\"><img loading=\"lazy\" decoding=\"async\" src=\"http:\/\/www.luckychocolate.de\/wp-content\/uploads\/maid_steckbriefe_polas_2019_20_kitsu-784x1024.jpg\" alt=\"\" class=\"wp-image-4159\" width=\"392\" height=\"512\" srcset=\"https:\/\/www.luckychocolate.de\/wp-content\/uploads\/maid_steckbriefe_polas_2019_20_kitsu-784x1024.jpg 784w, https:\/\/www.luckychocolate.de\/wp-content\/uploads\/maid_steckbriefe_polas_2019_20_kitsu-230x300.jpg 230w, https:\/\/www.luckychocolate.de\/wp-content\/uploads\/maid_steckbriefe_polas_2019_20_kitsu-768x1003.jpg 768w, https:\/\/www.luckychocolate.de\/wp-content\/uploads\/maid_steckbriefe_polas_2019_20_kitsu-1176x1536.jpg 1176w, https:\/\/www.luckychocolate.de\/wp-content\/uploads\/maid_steckbriefe_polas_2019_20_kitsu-250x326.jpg 250w, https:\/\/www.luckychocolate.de\/wp-content\/uploads\/maid_steckbriefe_polas_2019_20_kitsu-550x718.jpg 550w, https:\/\/www.luckychocolate.de\/wp-content\/uploads\/maid_steckbriefe_polas_2019_20_kitsu-800x1044.jpg 800w, https:\/\/www.luckychocolate.de\/wp-content\/uploads\/maid_steckbriefe_polas_2019_20_kitsu-138x180.jpg 138w, https:\/\/www.luckychocolate.de\/wp-content\/uploads\/maid_steckbriefe_polas_2019_20_kitsu-383x500.jpg 383w, https:\/\/www.luckychocolate.de\/wp-content\/uploads\/maid_steckbriefe_polas_2019_20_kitsu.jpg 1335w\" sizes=\"auto, (max-width: 392px) 100vw, 392px\" \/><\/figure><\/div>\n\n\n\n<p><br><strong>Maidname:<\/strong> Kitsu\u00a0<br><strong>Geburtstag:<\/strong> 20. Februar\u00a0 <br><strong>Merkmale:<\/strong> Fuchs &amp; Gl\u00f6ckchen\u00a0 <br><strong>Sprache(n):<\/strong> Deutsch, Englisch &amp; ein ganz wenig Spanisch\u00a0 <br><strong>F\u00e4higkeit(en):<\/strong> Ich denke, ich kann sehr gut backen und Sachen organisieren (^~^) Au\u00dferdem gebe ich mir alle M\u00fche Goshoujin-sama und Ojou-sama eine sch\u00f6ne Zeit im Cafe zu bereiten. Daf\u00fcr lerne ich auch gerne den ein oder anderen Tanz \u301c(\ua4aa\ua4b3\ua4aa)\u301c <br><br><strong> <strong>Seit wann bist du als Maid dabei?<\/strong> <\/strong> Seit 2014<\/p>\n","protected":false},"excerpt":{"rendered":"<p>Maid Kitsu Alle Tr\u00e4ume k\u00f6nnen wahr werden, wenn wir den Mut haben, ihnen zu folgen. Walt Disney Maidname: Kitsu\u00a0Geburtstag: 20. Februar\u00a0 Merkmale: Fuchs &amp; Gl\u00f6ckchen\u00a0 Sprache(n): Deutsch, Englisch &amp; ein ganz wenig Spanisch\u00a0 F\u00e4higkeit(en): Ich denke, ich kann sehr gut backen und Sachen organisieren (^~^) Au\u00dferdem gebe ich mir alle &hellip; <\/p>\n","protected":false},"author":4,"featured_media":0,"parent":0,"menu_order":0,"comment_status":"closed","ping_status":"closed","template":"","meta":{"footnotes":""},"class_list":["post-2992","page","type-page","status-publish","hentry"],"_links":{"self":[{"href":"https:\/\/www.luckychocolate.de\/de\/wp-json\/wp\/v2\/pages\/2992","targetHints":{"allow":["GET"]}}],"collection":[{"href":"https:\/\/www.luckychocolate.de\/de\/wp-json\/wp\/v2\/pages"}],"about":[{"href":"https:\/\/www.luckychocolate.de\/de\/wp-json\/wp\/v2\/types\/page"}],"author":[{"embeddable":true,"href":"https:\/\/www.luckychocolate.de\/de\/wp-json\/wp\/v2\/users\/4"}],"replies":[{"embeddable":true,"href":"https:\/\/www.luckychocolate.de\/de\/wp-json\/wp\/v2\/comments?post=2992"}],"version-history":[{"count":1,"href":"https:\/\/www.luckychocolate.de\/de\/wp-json\/wp\/v2\/pages\/2992\/revisions"}],"predecessor-version":[{"id":4872,"href":"https:\/\/www.luckychocolate.de\/de\/wp-json\/wp\/v2\/pages\/2992\/revisions\/4872"}],"wp:attachment":[{"href":"https:\/\/www.luckychocolate.de\/de\/wp-json\/wp\/v2\/media?parent=2992"}],"curies":[{"name":"wp","href":"https:\/\/api.w.org\/{rel}","templated":true}]}}