{"id":26,"date":"2014-11-22T00:11:21","date_gmt":"2014-11-21T22:11:21","guid":{"rendered":"http:\/\/www.luckychocolate.de\/?page_id=26"},"modified":"2021-11-15T22:08:08","modified_gmt":"2021-11-15T21:08:08","slug":"medien","status":"publish","type":"page","link":"https:\/\/www.luckychocolate.de\/de\/medien\/","title":{"rendered":"Medien"},"content":{"rendered":"\n<div class=\"wp-block-media-text alignwide is-stacked-on-mobile\" style=\"grid-template-columns:35% auto\"><figure class=\"wp-block-media-text__media\"><img loading=\"lazy\" decoding=\"async\" width=\"823\" height=\"592\" src=\"http:\/\/www.luckychocolate.de\/wp-content\/uploads\/2021\/11\/Kumy.jpg\" alt=\"\" class=\"wp-image-4998 size-full\" srcset=\"https:\/\/www.luckychocolate.de\/wp-content\/uploads\/2021\/11\/Kumy.jpg 823w, https:\/\/www.luckychocolate.de\/wp-content\/uploads\/2021\/11\/Kumy-300x216.jpg 300w, https:\/\/www.luckychocolate.de\/wp-content\/uploads\/2021\/11\/Kumy-768x552.jpg 768w, https:\/\/www.luckychocolate.de\/wp-content\/uploads\/2021\/11\/Kumy-250x180.jpg 250w, https:\/\/www.luckychocolate.de\/wp-content\/uploads\/2021\/11\/Kumy-550x396.jpg 550w, https:\/\/www.luckychocolate.de\/wp-content\/uploads\/2021\/11\/Kumy-800x575.jpg 800w, https:\/\/www.luckychocolate.de\/wp-content\/uploads\/2021\/11\/Kumy-417x300.jpg 417w, https:\/\/www.luckychocolate.de\/wp-content\/uploads\/2021\/11\/Kumy-695x500.jpg 695w, https:\/\/www.luckychocolate.de\/wp-content\/uploads\/2021\/11\/Kumy-210x150.jpg 210w\" sizes=\"auto, (max-width: 823px) 100vw, 823px\" \/><\/figure><div class=\"wp-block-media-text__content\">\n<h5 class=\"wp-block-heading\"><strong>Du konntest bei einem unserer s\u00fc\u00dfen Events nicht dabei sein oder m\u00f6chtest nochmals in Erinnerungen schwelgen ?<\/strong> <\/h5>\n\n\n\n<p> Schau dir unsere Social Media Accounts an, welche dir kleine Ausschnitte der Lucky Chocolate Welt mit viel \u2665 MOE MOE KYUN \u2665 zeigen !  Wollt ihr noch mehr &#8222;MOE MOE POWER&#8220; erleben? Dann schaut euch doch unsere <a href=\"https:\/\/www.luckychocolate.de\/de\/videos\/\">Videos<\/a> an! <\/p>\n<\/div><\/div>\n\n\n","protected":false},"excerpt":{"rendered":"<p>Du konntest bei einem unserer s\u00fc\u00dfen Events nicht dabei sein oder m\u00f6chtest nochmals in Erinnerungen schwelgen ? Schau dir unsere Social Media Accounts an, welche dir kleine Ausschnitte der Lucky Chocolate Welt mit viel \u2665 MOE MOE KYUN \u2665 zeigen ! Wollt ihr noch mehr &#8222;MOE MOE POWER&#8220; erleben? Dann &hellip; <\/p>\n","protected":false},"author":4,"featured_media":0,"parent":0,"menu_order":0,"comment_status":"closed","ping_status":"open","template":"","meta":{"footnotes":""},"class_list":["post-26","page","type-page","status-publish","hentry"],"_links":{"self":[{"href":"https:\/\/www.luckychocolate.de\/de\/wp-json\/wp\/v2\/pages\/26","targetHints":{"allow":["GET"]}}],"collection":[{"href":"https:\/\/www.luckychocolate.de\/de\/wp-json\/wp\/v2\/pages"}],"about":[{"href":"https:\/\/www.luckychocolate.de\/de\/wp-json\/wp\/v2\/types\/page"}],"author":[{"embeddable":true,"href":"https:\/\/www.luckychocolate.de\/de\/wp-json\/wp\/v2\/users\/4"}],"replies":[{"embeddable":true,"href":"https:\/\/www.luckychocolate.de\/de\/wp-json\/wp\/v2\/comments?post=26"}],"version-history":[{"count":4,"href":"https:\/\/www.luckychocolate.de\/de\/wp-json\/wp\/v2\/pages\/26\/revisions"}],"predecessor-version":[{"id":5002,"href":"https:\/\/www.luckychocolate.de\/de\/wp-json\/wp\/v2\/pages\/26\/revisions\/5002"}],"wp:attachment":[{"href":"https:\/\/www.luckychocolate.de\/de\/wp-json\/wp\/v2\/media?parent=26"}],"curies":[{"name":"wp","href":"https:\/\/api.w.org\/{rel}","templated":true}]}}